{"id":980,"date":"2018-02-05T13:43:46","date_gmt":"2018-02-05T13:43:46","guid":{"rendered":"http:\/\/www.kultuuriruum.ee\/?page_id=980"},"modified":"2018-03-12T11:53:21","modified_gmt":"2018-03-12T11:53:21","slug":"kihnumua-eng","status":"publish","type":"page","link":"https:\/\/www.kultuuriruum.ee\/en\/kihnumua-eng\/","title":{"rendered":"Folklore group Kihnumua"},"content":{"rendered":"<div class=\"mtphr-shortcodes-row-responsive\"><div class=\"mtphr-shortcodes-grid8\"><p>Kihnumua\u00a0on 1953. aastal asutatud folklooriansambli Kihnu Leelu j\u00e4relk\u00e4ija. Ansambli asutaja ja esimene juht oli Sinaida Saar (1908-1988), kes 1950. aastatel oli rahvamaja juhataja ja keda tunti kui head k\u00e4sit\u00f6\u00f6oskajat, lauljat ja vanade kommete tundjat.<\/p>\n<p>Folklooriansambel Kihnumua koondab enda alla suure osa Kihnu elanikkonnast \u00fchendades nii noori kui vanu. Kihnumua repertuaaris on Kihnu laulud ja tantsud, samuti tutvustab ansambel Kihnu k\u00e4sit\u00f6\u00f6d ja kombestikku nii kodusaarel kui v\u00e4ljaspool. Ansambli liikmed laulavad tihti Kihnu pulmas, t\u00e4ites pulmalauliku funktsioone. Katrin Kumpan on esinemiseks loonud kompositsioone pulma -ja kalendrikommetest, kosjadest, k\u00e4sit\u00f6\u00f6\u00f5htutest. Oluline osa on ka jutustaval tekstil, milles vanemad ansambli liikmed meenutavad kunagisi kombeid ja olustikku. Kihnumua tegutsemine on v\u00e4ga oluliselt aitanud elus hoida vana regilaulutraditsiooni, samuti Kihnu tantse ja kombeid.<br \/>\nKihnumua juht ja Kihnu kultuuri edendaja Katrin Kumpan on vastanud k\u00fcsimusele, miks on vaja v\u00e4\u00e4rtustada p\u00e4rimuskultuuri, eelk\u00f5ige Kihnu kultuuri, selliste s\u00f5nadega: Kui mitte meie ise, kes siis veel laulab neid laule ja tantsib neid tantse. V\u00e4\u00e4rtustada oma kodukohta, tugevdada oma kultuuri tundmisega identiteeti ja harmoonilist elutunnetust, mis on vajalik eluks t\u00e4nap\u00e4eva maailmas.<\/p>\n<p>Juhataja <strong>Katrin Kumpan<\/strong>, tel 44 69 714.<\/p>\n<\/div><div class=\"mtphr-shortcodes-grid4\">\n<p><a href=\"http:\/\/www.kultuuriruum.ee\/wp-content\/uploads\/2017\/08\/UKRAINA_022_n.jpg\" rel=\"lightbox[980]\"><img decoding=\"async\" loading=\"lazy\" class=\"alignnone size-medium wp-image-619\" src=\"http:\/\/www.kultuuriruum.ee\/wp-content\/uploads\/2017\/08\/UKRAINA_022_n.jpg\" alt=\"OLYMPUS DIGITAL CAMERA\" width=\"300\" height=\"232\" srcset=\"https:\/\/www.kultuuriruum.ee\/wp-content\/uploads\/2017\/08\/UKRAINA_022_n.jpg 425w, https:\/\/www.kultuuriruum.ee\/wp-content\/uploads\/2017\/08\/UKRAINA_022_n-300x232.jpg 300w\" sizes=\"(max-width: 300px) 100vw, 300px\" \/><\/a><\/p>\n<\/div><\/div><\/p>\n","protected":false},"excerpt":{"rendered":"","protected":false},"author":1,"featured_media":0,"parent":0,"menu_order":0,"comment_status":"closed","ping_status":"closed","template":"","meta":[],"_links":{"self":[{"href":"https:\/\/www.kultuuriruum.ee\/en\/wp-json\/wp\/v2\/pages\/980"}],"collection":[{"href":"https:\/\/www.kultuuriruum.ee\/en\/wp-json\/wp\/v2\/pages"}],"about":[{"href":"https:\/\/www.kultuuriruum.ee\/en\/wp-json\/wp\/v2\/types\/page"}],"author":[{"embeddable":true,"href":"https:\/\/www.kultuuriruum.ee\/en\/wp-json\/wp\/v2\/users\/1"}],"replies":[{"embeddable":true,"href":"https:\/\/www.kultuuriruum.ee\/en\/wp-json\/wp\/v2\/comments?post=980"}],"version-history":[{"count":2,"href":"https:\/\/www.kultuuriruum.ee\/en\/wp-json\/wp\/v2\/pages\/980\/revisions"}],"predecessor-version":[{"id":1133,"href":"https:\/\/www.kultuuriruum.ee\/en\/wp-json\/wp\/v2\/pages\/980\/revisions\/1133"}],"wp:attachment":[{"href":"https:\/\/www.kultuuriruum.ee\/en\/wp-json\/wp\/v2\/media?parent=980"}],"curies":[{"name":"wp","href":"https:\/\/api.w.org\/{rel}","templated":true}]}}