{"id":978,"date":"2018-02-05T13:43:21","date_gmt":"2018-02-05T13:43:21","guid":{"rendered":"http:\/\/www.kultuuriruum.ee\/?page_id=978"},"modified":"2018-03-12T11:52:13","modified_gmt":"2018-03-12T11:52:13","slug":"kihnu-toote-koda-eng","status":"publish","type":"page","link":"https:\/\/www.kultuuriruum.ee\/en\/kihnu-toote-koda-eng\/","title":{"rendered":"Kihnu Trademark"},"content":{"rendered":"<div class=\"mtphr-shortcodes-row-responsive\"><div class=\"mtphr-shortcodes-grid8\"><p>7.aprillil 2011. aastal kutsuti kokku Kihnu Toote Koda, mille eesm\u00e4rk on eristada kihnlaste ainuomane v\u00e4\u00e4rtuslik kogukondlik p\u00e4rand kommertslikust masstoodangust, p\u00e4\u00e4sta kihnu k\u00e4sit\u00f6\u00f6 solkimisest ning oma esivanemate p\u00e4randist tulusaajatena n\u00e4ha eelk\u00f5ige kihnlasi, et tagada j\u00e4tkusuutlikkus. Toote Kojal on paarik\u00fcmneliikmeline n\u00f5ukoda, kes kutsutakse kokku suuremate probleemide kerkimisel ning viieliikmeline juhatus, kes otsustab jooksvate k\u00fcsimuste \u00fcle. V\u00e4lja on t\u00f6\u00f6tatud kvaliteedim\u00e4rk &#8220;Kihnlast\u00f5 tunnust\u00f5t&#8221;.<\/p>\n<p>Kihnlased on avanud internetis oma k\u00e4sit\u00f6\u00f6meistrite toodete m\u00fc\u00fcgiks Kihnu kauba maja www.kihnukaubama.ee , kus turustada kvaliteedim\u00e4rgi Kihnlast\u00f5 tunnust\u00f5t v\u00e4\u00e4rilisi tooteid. Internetikaubamaja ei tee p\u00e4rimusest \u00e4ri ja k\u00e4sit\u00f6\u00f6ga seotud inimesed teavad, et tegemist on rohkem elulaadi kui elatusalaga, sest aja, materjali ja kvaliteedi suhe ei kajastu kuidagi toote hinnas, pigem p\u00fc\u00fctakse s\u00e4ilitada oskused ja tahe. Kihnu k\u00e4sit\u00f6\u00f6 ja muu toodang n\u00e4iteks leib, sai eristub kvaliteedim\u00e4rgiga \u201cKihnlast\u00f5 tunnust\u00f5t\u201d, mis annab tarbijale kindluse, et see on ehe Kihnu asi ning tulu l\u00e4heb saarel elavatele p\u00e4rimuse kandjatele, mis aitab kindlustada j\u00e4tkusuutliust.<\/p>\n<\/div><div class=\"mtphr-shortcodes-grid4\">\n<p><a href=\"http:\/\/www.kultuuriruum.ee\/wp-content\/uploads\/2017\/08\/kvaliteet.jpg\" rel=\"lightbox[978]\"><img decoding=\"async\" loading=\"lazy\" class=\"alignnone size-medium wp-image-622\" src=\"http:\/\/www.kultuuriruum.ee\/wp-content\/uploads\/2017\/08\/kvaliteet.jpg\" alt=\"kvaliteet\" width=\"300\" height=\"222\" \/><\/a><\/p>\n<\/div><\/div><\/p>\n","protected":false},"excerpt":{"rendered":"","protected":false},"author":1,"featured_media":0,"parent":0,"menu_order":0,"comment_status":"closed","ping_status":"closed","template":"","meta":[],"_links":{"self":[{"href":"https:\/\/www.kultuuriruum.ee\/en\/wp-json\/wp\/v2\/pages\/978"}],"collection":[{"href":"https:\/\/www.kultuuriruum.ee\/en\/wp-json\/wp\/v2\/pages"}],"about":[{"href":"https:\/\/www.kultuuriruum.ee\/en\/wp-json\/wp\/v2\/types\/page"}],"author":[{"embeddable":true,"href":"https:\/\/www.kultuuriruum.ee\/en\/wp-json\/wp\/v2\/users\/1"}],"replies":[{"embeddable":true,"href":"https:\/\/www.kultuuriruum.ee\/en\/wp-json\/wp\/v2\/comments?post=978"}],"version-history":[{"count":2,"href":"https:\/\/www.kultuuriruum.ee\/en\/wp-json\/wp\/v2\/pages\/978\/revisions"}],"predecessor-version":[{"id":1131,"href":"https:\/\/www.kultuuriruum.ee\/en\/wp-json\/wp\/v2\/pages\/978\/revisions\/1131"}],"wp:attachment":[{"href":"https:\/\/www.kultuuriruum.ee\/en\/wp-json\/wp\/v2\/media?parent=978"}],"curies":[{"name":"wp","href":"https:\/\/api.w.org\/{rel}","templated":true}]}}