{"id":970,"date":"2018-02-05T13:41:40","date_gmt":"2018-02-05T13:41:40","guid":{"rendered":"http:\/\/www.kultuuriruum.ee\/?page_id=970"},"modified":"2018-03-12T11:50:58","modified_gmt":"2018-03-12T11:50:58","slug":"hulgeselts-eng","status":"publish","type":"page","link":"https:\/\/www.kultuuriruum.ee\/en\/hulgeselts-eng\/","title":{"rendered":"Seal hunting"},"content":{"rendered":"<div class=\"mtphr-shortcodes-row-responsive\"><div class=\"mtphr-shortcodes-grid6\"><p>Traditsiooniliselt moodustati Kihnus h\u00fclgeseltsid vana-aasta \u00f5htul. Kavandatava seltsi liikmed l\u00e4ksid \u00fche mehe juurde kokku, pidasid n\u00f5u ning lasid l\u00f5petuseks m\u00e4rki. M\u00e4rki lasti k\u00f5huli laua peal olles, eesm\u00e4rgiga kustutada lasuga uksel\u00e4vele asetatud k\u00fc\u00fcnla tuli. Kes k\u00fc\u00fcnlatahist l\u00e4bi lastes k\u00fc\u00fcnlaleegi kustutas, oli katse l\u00e4binud ning sai preemiaks kaks napsu viina, naised valvasid samal ajal \u00f5ues, et keegi seltsi moodustamist paha s\u00f5naga \u00e4ra rikkuma ei tuleks v\u00f5i siis juhuslikust kuulist pihta saaks.<\/p>\n<\/div><div class=\"mtphr-shortcodes-grid6\">\n<p>K\u00e4esoleval ajal taotlevad kihnlased taas Eesti riigilt piiratud ulatuses h\u00fclgep\u00fc\u00fcgi lubamist eesm\u00e4rgiga hoida vana traditsioonilist elatusala, sellealaseid oskusi ning kombestikku. H\u00fclgeliha on ajast aega olnud kihnlaste traditsiooniline toit ja piduroog (vt. Kihnu Kokaraamat 2009), rasv sulatatud kasutamiseks immutusvahendina ning nahk pargitud eesk\u00e4tt jalan\u00f5ude valmistmiseks. Kihnu keel on rikas h\u00fclgep\u00fc\u00fcgialase terminoloogia poolest.<\/p>\n<\/div><\/div><\/p>\n","protected":false},"excerpt":{"rendered":"","protected":false},"author":1,"featured_media":0,"parent":0,"menu_order":0,"comment_status":"closed","ping_status":"closed","template":"","meta":[],"_links":{"self":[{"href":"https:\/\/www.kultuuriruum.ee\/en\/wp-json\/wp\/v2\/pages\/970"}],"collection":[{"href":"https:\/\/www.kultuuriruum.ee\/en\/wp-json\/wp\/v2\/pages"}],"about":[{"href":"https:\/\/www.kultuuriruum.ee\/en\/wp-json\/wp\/v2\/types\/page"}],"author":[{"embeddable":true,"href":"https:\/\/www.kultuuriruum.ee\/en\/wp-json\/wp\/v2\/users\/1"}],"replies":[{"embeddable":true,"href":"https:\/\/www.kultuuriruum.ee\/en\/wp-json\/wp\/v2\/comments?post=970"}],"version-history":[{"count":2,"href":"https:\/\/www.kultuuriruum.ee\/en\/wp-json\/wp\/v2\/pages\/970\/revisions"}],"predecessor-version":[{"id":1129,"href":"https:\/\/www.kultuuriruum.ee\/en\/wp-json\/wp\/v2\/pages\/970\/revisions\/1129"}],"wp:attachment":[{"href":"https:\/\/www.kultuuriruum.ee\/en\/wp-json\/wp\/v2\/media?parent=970"}],"curies":[{"name":"wp","href":"https:\/\/api.w.org\/{rel}","templated":true}]}}