{"id":967,"date":"2018-02-05T13:41:30","date_gmt":"2018-02-05T13:41:30","guid":{"rendered":"http:\/\/www.kultuuriruum.ee\/?page_id=967"},"modified":"2018-03-12T11:45:42","modified_gmt":"2018-03-12T11:45:42","slug":"emkf-projektid-eng","status":"publish","type":"page","link":"https:\/\/www.kultuuriruum.ee\/en\/emkf-projektid-eng\/","title":{"rendered":"EMKF projects"},"content":{"rendered":"<p style=\"font-weight: 400;\">\u201eEuroopa Merendus- ja Kalandusfondi rakenduskava 2014\u20132020\u201d\u00a0\u00a0<img decoding=\"async\" loading=\"lazy\" class=\"size-medium wp-image-736 alignright\" src=\"http:\/\/www.kultuuriruum.ee\/wp-content\/uploads\/2017\/07\/emkf-kodulehele-1.jpg\" alt=\"\" width=\"300\" height=\"125\" srcset=\"https:\/\/www.kultuuriruum.ee\/wp-content\/uploads\/2017\/07\/emkf-kodulehele-1.jpg 1611w, https:\/\/www.kultuuriruum.ee\/wp-content\/uploads\/2017\/07\/emkf-kodulehele-1-300x125.jpg 300w, https:\/\/www.kultuuriruum.ee\/wp-content\/uploads\/2017\/07\/emkf-kodulehele-1-768x319.jpg 768w, https:\/\/www.kultuuriruum.ee\/wp-content\/uploads\/2017\/07\/emkf-kodulehele-1-1024x425.jpg 1024w, https:\/\/www.kultuuriruum.ee\/wp-content\/uploads\/2017\/07\/emkf-kodulehele-1-1200x498.jpg 1200w, https:\/\/www.kultuuriruum.ee\/wp-content\/uploads\/2017\/07\/emkf-kodulehele-1-1170x486.jpg 1170w, https:\/\/www.kultuuriruum.ee\/wp-content\/uploads\/2017\/07\/emkf-kodulehele-1-1400x581.jpg 1400w\" sizes=\"(max-width: 300px) 100vw, 300px\" \/><\/p>\n<p><span style=\"font-weight: 400;\">KIHNU MERE PIDU 2017<\/span><\/p>\n<p>Projekti alguskuup\u00e4ev: 07.07.2017<\/p>\n<p>Projekti l\u00f5ppkuup\u00e4ev: 09.07.2017<\/p>\n<p>Abik\u00f5lblikkuse algus:\u00a0 02.12.2016<\/p>\n<p>Abik\u00f5lblikkuse l\u00f5pp:\u00a0 30.06.2023<\/p>\n<p>Projekti maksumus:\u00a0Kogumaksumus 8858 eurot, s.h EMKF osa 4429 eurot<\/p>\n","protected":false},"excerpt":{"rendered":"<p>\u201eEuroopa Merendus- ja Kalandusfondi rakenduskava 2014\u20132020\u201d\u00a0\u00a0 KIHNU MERE PIDU 2017 Projekti alguskuup\u00e4ev: 07.07.2017 Projekti l\u00f5ppkuup\u00e4ev: 09.07.2017 Abik\u00f5lblikkuse algus:\u00a0 02.12.2016 Abik\u00f5lblikkuse l\u00f5pp:\u00a0 30.06.2023 Projekti maksumus:\u00a0Kogumaksumus 8858 eurot, s.h EMKF osa 4429 eurot<\/p>\n","protected":false},"author":1,"featured_media":0,"parent":0,"menu_order":4,"comment_status":"closed","ping_status":"closed","template":"","meta":[],"_links":{"self":[{"href":"https:\/\/www.kultuuriruum.ee\/en\/wp-json\/wp\/v2\/pages\/967"}],"collection":[{"href":"https:\/\/www.kultuuriruum.ee\/en\/wp-json\/wp\/v2\/pages"}],"about":[{"href":"https:\/\/www.kultuuriruum.ee\/en\/wp-json\/wp\/v2\/types\/page"}],"author":[{"embeddable":true,"href":"https:\/\/www.kultuuriruum.ee\/en\/wp-json\/wp\/v2\/users\/1"}],"replies":[{"embeddable":true,"href":"https:\/\/www.kultuuriruum.ee\/en\/wp-json\/wp\/v2\/comments?post=967"}],"version-history":[{"count":2,"href":"https:\/\/www.kultuuriruum.ee\/en\/wp-json\/wp\/v2\/pages\/967\/revisions"}],"predecessor-version":[{"id":1124,"href":"https:\/\/www.kultuuriruum.ee\/en\/wp-json\/wp\/v2\/pages\/967\/revisions\/1124"}],"wp:attachment":[{"href":"https:\/\/www.kultuuriruum.ee\/en\/wp-json\/wp\/v2\/media?parent=967"}],"curies":[{"name":"wp","href":"https:\/\/api.w.org\/{rel}","templated":true}]}}