{"id":2990,"date":"2019-10-29T00:53:51","date_gmt":"2019-10-29T00:53:51","guid":{"rendered":"http:\/\/www.kultuuriruum.ee\/tegevused\/"},"modified":"2024-11-13T09:33:53","modified_gmt":"2024-11-13T09:33:53","slug":"tegevused","status":"publish","type":"page","link":"https:\/\/www.kultuuriruum.ee\/en\/tegevused\/","title":{"rendered":"Tegevused"},"content":{"rendered":"\r\n<figure class=\"wp-block-video\"><video src=\"http:\/\/www.kultuuriruum.ee\/wp-content\/uploads\/2019\/12\/Tants-Metsamaa-\u00f5uel-1.mp4\" autoplay=\"autoplay\" loop=\"loop\" controls=\"controls\" width=\"300\" height=\"150\"><\/video>\r\n<figcaption>Kalamies Metsamaa \u00f5uel<\/figcaption>\r\n<\/figure>\r\n\r\n\r\n\r\n<p>Metsamaa talu sobib suurep\u00e4raselt laagrite ja erinevate \u00f5pitubade l\u00e4biviimiseks, siin toimuvad \u00fcritused ning saab vaadata-kuulata folkloorikontserti.<\/p>\r\n\r\n\r\n\r\n<ul>\r\n<li><a href=\"https:\/\/www.kultuuriruum.ee\/en\/laagrid\/\">LAAGRID<\/a><\/li>\r\n<li><a href=\"https:\/\/www.kultuuriruum.ee\/en\/opitoad\/\">\u00d5PITOAD<\/a><\/li>\r\n<li><a href=\"https:\/\/www.kultuuriruum.ee\/en\/uritused-2\/\">\u00dcRITUSED<\/a><\/li>\r\n<li><a href=\"https:\/\/www.kultuuriruum.ee\/en\/folkloorikontserdid\/\">FOLKLOORIKONTSERDID<\/a><\/li>\r\n<li><a href=\"https:\/\/www.kultuuriruum.ee\/en\/suveteater-2\/\">SUVETEATER<\/a><\/li>\r\n<li><a href=\"https:\/\/www.kultuuriruum.ee\/en\/ruumide-rent\/\">RUUMIDE RENT<\/a><\/li>\r\n<li><a href=\"https:\/\/www.kultuuriruum.ee\/en\/toitlustamine-ja-metsamaa-nuordokohvik\/\">TOITLUSTAMINE JA METSAMAA NU\u00d5RD\u00d5KOHVIK<\/a><\/li>\r\n<\/ul>\r\n\r\n\r\n\r\n\r\n\r\n<div class=\"wp-block-image\">\r\n<figure class=\"aligncenter is-resized\"><img decoding=\"async\" loading=\"lazy\" class=\"wp-image-2587\" src=\"http:\/\/www.kultuuriruum.ee\/wp-content\/uploads\/2019\/10\/img_4540_2.jpg\" alt=\"\" width=\"768\" height=\"512\" srcset=\"https:\/\/www.kultuuriruum.ee\/wp-content\/uploads\/2019\/10\/img_4540_2.jpg 5616w, https:\/\/www.kultuuriruum.ee\/wp-content\/uploads\/2019\/10\/img_4540_2-300x200.jpg 300w, https:\/\/www.kultuuriruum.ee\/wp-content\/uploads\/2019\/10\/img_4540_2-768x512.jpg 768w, https:\/\/www.kultuuriruum.ee\/wp-content\/uploads\/2019\/10\/img_4540_2-1024x683.jpg 1024w, https:\/\/www.kultuuriruum.ee\/wp-content\/uploads\/2019\/10\/img_4540_2-1200x800.jpg 1200w, https:\/\/www.kultuuriruum.ee\/wp-content\/uploads\/2019\/10\/img_4540_2-1170x780.jpg 1170w, https:\/\/www.kultuuriruum.ee\/wp-content\/uploads\/2019\/10\/img_4540_2-1400x933.jpg 1400w\" sizes=\"(max-width: 768px) 100vw, 768px\" \/><\/figure>\r\n<\/div>\r\n\r\n\r\n\r\n<p><strong>LAAGRID<\/strong><br \/>Metsamaa sobib ideaalselt k\u00f5iksugu laagrite toimumiskohaks. Traditsiooniliselt toimub kevadel kudumislaager (Kihnu Kudumisfestival), juulikuus naivistliku kunsti laager, augustis pillilaager ja s\u00fcgisel viiulilaager (Kihnu Viiulifestival). <br \/>Lisaks korraldame jooksvalt 2-3-p\u00e4evaseid Kihnu p\u00e4rimuslaagreid mandrirahvale. Plaanis on laager linnakihnlaste lastele, lisaks toidu-, muusika- ja p\u00e4rimuskultuuri teemalised laagrid ja \u00f5ppep\u00e4evad t\u00e4iskasvanutele.<br \/>Majutame 25-35 inimest, pillilaagri ja viiulifestivali ajal on Metsamaal olnud \u00f6\u00f6bijaid ka 60. \u00d6\u00f6bimine on voodites ja madratsitel kas oma magamiskottide\/voodiriietega v\u00f5i on voodiriided meie poolt.<br \/>\u00d5pitubade ja tundide jaoks saab kasutada peamaja tuba ja rihalust ning abihoone kohvikuruumi. Suvel on v\u00f5imalik \u00f5ue p\u00fcstitada suuri telke, mis sobivad h\u00e4sti tundide l\u00e4biviimiseks.<br \/>Pakume omalt poolt laagrite ja \u00f5ppep\u00e4evade toitlustamist.<\/p>\r\n\r\n\r\n\r\n<div class=\"wp-block-image\">\r\n<figure class=\"aligncenter is-resized\"><img decoding=\"async\" loading=\"lazy\" class=\"wp-image-2627\" src=\"http:\/\/www.kultuuriruum.ee\/wp-content\/uploads\/2019\/10\/img-8611-J8fxkuqwkB.jpg\" alt=\"\" width=\"768\" height=\"512\" srcset=\"https:\/\/www.kultuuriruum.ee\/wp-content\/uploads\/2019\/10\/img-8611-J8fxkuqwkB.jpg 2048w, https:\/\/www.kultuuriruum.ee\/wp-content\/uploads\/2019\/10\/img-8611-J8fxkuqwkB-300x200.jpg 300w, https:\/\/www.kultuuriruum.ee\/wp-content\/uploads\/2019\/10\/img-8611-J8fxkuqwkB-768x512.jpg 768w, https:\/\/www.kultuuriruum.ee\/wp-content\/uploads\/2019\/10\/img-8611-J8fxkuqwkB-1024x683.jpg 1024w, https:\/\/www.kultuuriruum.ee\/wp-content\/uploads\/2019\/10\/img-8611-J8fxkuqwkB-1200x800.jpg 1200w, https:\/\/www.kultuuriruum.ee\/wp-content\/uploads\/2019\/10\/img-8611-J8fxkuqwkB-1170x780.jpg 1170w, https:\/\/www.kultuuriruum.ee\/wp-content\/uploads\/2019\/10\/img-8611-J8fxkuqwkB-1400x933.jpg 1400w\" sizes=\"(max-width: 768px) 100vw, 768px\" \/><\/figure>\r\n<\/div>\r\n\r\n\r\n\r\n<p>&nbsp;<\/p>\r\n\r\n\r\n\r\n<p><strong>\u00d5PITOAD<\/strong><br \/>Korraldame erinevaid \u00f5pitube Kihnu saare k\u00fclalistele. Kes soovib tutvuda saare k\u00e4sit\u00f6\u00f6, toidukultuuri, kes laulu ja tantsuga! Oleme valmis \u00f5petama ka pillim\u00e4ngu.<br \/>Andke oma soovidest ja huvidest m\u00e4rku ja leiame parima lahenduse!<\/p>\r\n\r\n\r\n\r\n<div class=\"wp-block-image\">\r\n<figure class=\"aligncenter is-resized\"><img decoding=\"async\" loading=\"lazy\" class=\"wp-image-2188\" src=\"http:\/\/www.kultuuriruum.ee\/wp-content\/uploads\/2019\/05\/Kudumfest_2018_002.jpg\" alt=\"\" width=\"600\" height=\"400\" srcset=\"https:\/\/www.kultuuriruum.ee\/wp-content\/uploads\/2019\/05\/Kudumfest_2018_002.jpg 800w, https:\/\/www.kultuuriruum.ee\/wp-content\/uploads\/2019\/05\/Kudumfest_2018_002-300x200.jpg 300w, https:\/\/www.kultuuriruum.ee\/wp-content\/uploads\/2019\/05\/Kudumfest_2018_002-768x512.jpg 768w\" sizes=\"(max-width: 600px) 100vw, 600px\" \/><\/figure>\r\n<\/div>\r\n\r\n\r\n\r\n<p>&nbsp;<\/p>\r\n\r\n\r\n\r\n<p><strong>\u00dcRITUSED<\/strong><br \/>Metsamaal toimuvad tantsu\u00f5htud, kontserdid, kohviku- ja filmi\u00f5htud, rihalus\u00f5 ja toa seintel saab n\u00e4ha foto- ja k\u00e4sit\u00f6\u00f6n\u00e4itusi. Kui soovid osaleda v\u00f5i korraldada, v\u00f5ta julgelt \u00fchendust kultuuriruum@kihnu.ee! \u00dcrituste kava j\u00e4lgi meie kodulehe kalendrist!<\/p>\r\n\r\n\r\n\r\n<div class=\"wp-block-image\">\r\n<figure class=\"aligncenter is-resized\"><img decoding=\"async\" loading=\"lazy\" class=\"wp-image-2581\" src=\"http:\/\/www.kultuuriruum.ee\/wp-content\/uploads\/2019\/10\/DSCF8522.jpg\" alt=\"\" width=\"512\" height=\"768\" srcset=\"https:\/\/www.kultuuriruum.ee\/wp-content\/uploads\/2019\/10\/DSCF8522.jpg 3688w, https:\/\/www.kultuuriruum.ee\/wp-content\/uploads\/2019\/10\/DSCF8522-200x300.jpg 200w, https:\/\/www.kultuuriruum.ee\/wp-content\/uploads\/2019\/10\/DSCF8522-768x1152.jpg 768w, https:\/\/www.kultuuriruum.ee\/wp-content\/uploads\/2019\/10\/DSCF8522-683x1024.jpg 683w, https:\/\/www.kultuuriruum.ee\/wp-content\/uploads\/2019\/10\/DSCF8522-1200x1800.jpg 1200w, https:\/\/www.kultuuriruum.ee\/wp-content\/uploads\/2019\/10\/DSCF8522-1170x1755.jpg 1170w, https:\/\/www.kultuuriruum.ee\/wp-content\/uploads\/2019\/10\/DSCF8522-933x1400.jpg 933w\" sizes=\"(max-width: 512px) 100vw, 512px\" \/><\/figure>\r\n<\/div>\r\n\r\n\r\n\r\n<p>&nbsp;<\/p>\r\n\r\n\r\n\r\n<p>&nbsp;<\/p>\r\n\r\n\r\n\r\n<p><strong>FOLKLOORIKONTSERDID<\/strong><br \/>Ettetellimisel kutsume kokku seltskonna noori ja vanemaid kihnlasi, kes tutvustavad Kihnu kultuuri l\u00e4bi pillim\u00e4ngu, laulu ja tantsu. <br \/>45 minuti jooksul n\u00e4eb kohalikke rahvariideid, saab aimu, milline n\u00e4eb v\u00e4lja \u00fcks k\u00fclapidu, mis laulud ja tantsud on kihnlastele s\u00fcdamel\u00e4hedased. Hea meelega \u00f5petame ka pealtvaatajatele m\u00f5ne Kihnu tantsu v\u00f5i laulu selgeks!<br \/><br \/>Kui teil on huvi folkloorikontserdi vastu, kirjutage kultuuriruum@kihnu.ee.<br \/>Kohtumise hind arvega tasumisel on 150 \u20ac+km.<\/p>\r\n\r\n\r\n\r\n<div class=\"wp-block-image\">\r\n<figure class=\"aligncenter is-resized\"><img decoding=\"async\" loading=\"lazy\" class=\"wp-image-2617\" src=\"http:\/\/www.kultuuriruum.ee\/wp-content\/uploads\/2019\/10\/img-4695-khFdtlGBEs.jpg\" alt=\"\" width=\"768\" height=\"512\" srcset=\"https:\/\/www.kultuuriruum.ee\/wp-content\/uploads\/2019\/10\/img-4695-khFdtlGBEs.jpg 2048w, https:\/\/www.kultuuriruum.ee\/wp-content\/uploads\/2019\/10\/img-4695-khFdtlGBEs-300x200.jpg 300w, https:\/\/www.kultuuriruum.ee\/wp-content\/uploads\/2019\/10\/img-4695-khFdtlGBEs-768x512.jpg 768w, https:\/\/www.kultuuriruum.ee\/wp-content\/uploads\/2019\/10\/img-4695-khFdtlGBEs-1024x683.jpg 1024w, https:\/\/www.kultuuriruum.ee\/wp-content\/uploads\/2019\/10\/img-4695-khFdtlGBEs-1200x800.jpg 1200w, https:\/\/www.kultuuriruum.ee\/wp-content\/uploads\/2019\/10\/img-4695-khFdtlGBEs-1170x780.jpg 1170w, https:\/\/www.kultuuriruum.ee\/wp-content\/uploads\/2019\/10\/img-4695-khFdtlGBEs-1400x933.jpg 1400w\" sizes=\"(max-width: 768px) 100vw, 768px\" \/><\/figure>\r\n<\/div>\r\n\r\n\r\n\r\n<p>&nbsp;<\/p>\r\n\r\n\r\n\r\n<p><strong>SUVETEATER<\/strong><br \/>2016. ja 2017. aastatel m\u00e4ngiti Metsamaa talu\u00f5uel lavastust \u201eMeri muigab teitele vasta\u201c. L\u00f5busa suvet\u00fcki autor ja lavastaja oli Heidi Sarapuu, nimiosades olid Linnateatrist tuntud n\u00e4itlejad A.Aadli, M. Schmidt, A.K\u00f5rve, I.Ojari ning P.Kaljum\u00e4e ja A.Siimson<br \/>http:\/\/www.teater.ee\/teater_eestis\/lavastused\/Meri_muigab_teitele_vasta%21.play_id-5566<br \/>https:\/\/www.youtube.com\/watch?v=gYWOSsiYO_w<br \/>https:\/\/maaleht.delfi.ee\/news\/maaleht\/uudised\/fotod-linnateatri-naitlejate-ulakas-suvetukk-kihnus-tombab-rahvast-magnetina?id=75127533<br \/><br \/><\/p>\r\n\r\n\r\n\r\n<div class=\"wp-block-image\">\r\n<figure class=\"aligncenter is-resized\"><img decoding=\"async\" loading=\"lazy\" class=\"wp-image-2639\" src=\"http:\/\/www.kultuuriruum.ee\/wp-content\/uploads\/2019\/10\/kihnu-2614_1.jpg\" alt=\"\" width=\"768\" height=\"512\" srcset=\"https:\/\/www.kultuuriruum.ee\/wp-content\/uploads\/2019\/10\/kihnu-2614_1.jpg 1500w, https:\/\/www.kultuuriruum.ee\/wp-content\/uploads\/2019\/10\/kihnu-2614_1-300x200.jpg 300w, https:\/\/www.kultuuriruum.ee\/wp-content\/uploads\/2019\/10\/kihnu-2614_1-768x512.jpg 768w, https:\/\/www.kultuuriruum.ee\/wp-content\/uploads\/2019\/10\/kihnu-2614_1-1024x683.jpg 1024w, https:\/\/www.kultuuriruum.ee\/wp-content\/uploads\/2019\/10\/kihnu-2614_1-1200x800.jpg 1200w, https:\/\/www.kultuuriruum.ee\/wp-content\/uploads\/2019\/10\/kihnu-2614_1-1170x780.jpg 1170w, https:\/\/www.kultuuriruum.ee\/wp-content\/uploads\/2019\/10\/kihnu-2614_1-1400x933.jpg 1400w\" sizes=\"(max-width: 768px) 100vw, 768px\" \/><\/figure>\r\n<\/div>\r\n\r\n\r\n\r\n<div class=\"wp-block-image\">\r\n<figure class=\"aligncenter is-resized\"><img decoding=\"async\" loading=\"lazy\" class=\"wp-image-2589\" src=\"http:\/\/www.kultuuriruum.ee\/wp-content\/uploads\/2019\/10\/IMG_4887-1.jpg\" alt=\"\" width=\"768\" height=\"512\" srcset=\"https:\/\/www.kultuuriruum.ee\/wp-content\/uploads\/2019\/10\/IMG_4887-1.jpg 4467w, https:\/\/www.kultuuriruum.ee\/wp-content\/uploads\/2019\/10\/IMG_4887-1-300x200.jpg 300w, https:\/\/www.kultuuriruum.ee\/wp-content\/uploads\/2019\/10\/IMG_4887-1-768x512.jpg 768w, https:\/\/www.kultuuriruum.ee\/wp-content\/uploads\/2019\/10\/IMG_4887-1-1024x683.jpg 1024w, https:\/\/www.kultuuriruum.ee\/wp-content\/uploads\/2019\/10\/IMG_4887-1-1200x800.jpg 1200w, https:\/\/www.kultuuriruum.ee\/wp-content\/uploads\/2019\/10\/IMG_4887-1-1170x780.jpg 1170w, https:\/\/www.kultuuriruum.ee\/wp-content\/uploads\/2019\/10\/IMG_4887-1-1400x933.jpg 1400w\" sizes=\"(max-width: 768px) 100vw, 768px\" \/><\/figure>\r\n<\/div>\r\n\r\n\r\n\r\n<p>&nbsp;<\/p>\r\n\r\n\r\n\r\n<p><strong>RUUMIDE RENT<\/strong><br \/>Metsamaa sobib h\u00e4sti isiklike s\u00fcndmuste (s\u00fcnnip\u00e4evad, pulmad, laste ristimine vms) t\u00e4histamiseks. Samuti ootame seminaride ja suvep\u00e4evade ning laagrite korraldajaid. Seame ruumid vastavalt teie soovile, pakume kohvilaua, suupistete v\u00f5i toitlustamise v\u00f5imalust ja hilisem koristamine j\u00e4\u00e4b samuti meie kanda.<br \/>Teil on v\u00f5imalik rentida m\u00f5ni \u00fcksik ruum, maja v\u00f5i kogu kompleks. Andke oma soovist teada kultuuriruum@kihnu.ee ja j\u00f5uame kindlasti kokkuleppele!<\/p>\r\n\r\n\r\n\r\n<div class=\"wp-block-image\">\r\n<figure class=\"aligncenter is-resized\"><img decoding=\"async\" loading=\"lazy\" class=\"wp-image-2449\" src=\"http:\/\/www.kultuuriruum.ee\/wp-content\/uploads\/2019\/10\/35415639_448289722302897_153879624424620032_o.jpg\" alt=\"\" width=\"768\" height=\"500\" srcset=\"https:\/\/www.kultuuriruum.ee\/wp-content\/uploads\/2019\/10\/35415639_448289722302897_153879624424620032_o.jpg 1188w, https:\/\/www.kultuuriruum.ee\/wp-content\/uploads\/2019\/10\/35415639_448289722302897_153879624424620032_o-300x195.jpg 300w, https:\/\/www.kultuuriruum.ee\/wp-content\/uploads\/2019\/10\/35415639_448289722302897_153879624424620032_o-768x500.jpg 768w, https:\/\/www.kultuuriruum.ee\/wp-content\/uploads\/2019\/10\/35415639_448289722302897_153879624424620032_o-1024x667.jpg 1024w, https:\/\/www.kultuuriruum.ee\/wp-content\/uploads\/2019\/10\/35415639_448289722302897_153879624424620032_o-1170x762.jpg 1170w\" sizes=\"(max-width: 768px) 100vw, 768px\" \/><\/figure>\r\n<\/div>\r\n\r\n\r\n\r\n<p>&nbsp;<\/p>\r\n\r\n\r\n\r\n<p><strong>TOITLUSTAMINE JA METSAMAA <em>NU\u00d5RD\u00d5KOHVIK<\/em><\/strong><br \/>Metsamaa abihoones asuvasse klaasseintega kohvikuruumi mahub mugavalt korraga s\u00f6\u00f6ma kuni 25 inimest. Suvisel ajal saab einet nautida lisaks ka \u00fcmmargusel terrassil. Toitlustame gruppe ettetellimisel, men\u00fc\u00fc ja hinnad kokkuleppel.<br \/>Suvel ja pidude ajal on avatud ka Metsamaa <em>Nu\u00f5rd\u00f5kohvik<\/em>, kus pakutakse lihtsaid ja maitsvaid koduseid toite, karastavaid ja joovastavaid jooke ning magusaid ampse.<br \/>Olete oodatud!<\/p>\r\n\r\n\r\n\r\n<div class=\"wp-block-image\">\r\n<figure class=\"aligncenter is-resized\"><img decoding=\"async\" loading=\"lazy\" class=\"wp-image-2497\" src=\"http:\/\/www.kultuuriruum.ee\/wp-content\/uploads\/2019\/10\/60298997_655265708271963_8186395016944418816_n.jpg\" alt=\"\" width=\"720\" height=\"540\" srcset=\"https:\/\/www.kultuuriruum.ee\/wp-content\/uploads\/2019\/10\/60298997_655265708271963_8186395016944418816_n.jpg 960w, https:\/\/www.kultuuriruum.ee\/wp-content\/uploads\/2019\/10\/60298997_655265708271963_8186395016944418816_n-300x225.jpg 300w, https:\/\/www.kultuuriruum.ee\/wp-content\/uploads\/2019\/10\/60298997_655265708271963_8186395016944418816_n-768x576.jpg 768w\" sizes=\"(max-width: 720px) 100vw, 720px\" \/><\/figure>\r\n<\/div>\r\n\r\n\r\n\r\n<div class=\"wp-block-image\">\r\n<figure class=\"aligncenter is-resized\"><img decoding=\"async\" loading=\"lazy\" class=\"wp-image-2513\" src=\"http:\/\/www.kultuuriruum.ee\/wp-content\/uploads\/2019\/10\/DSCF0296.jpg\" alt=\"\" width=\"512\" height=\"768\" srcset=\"https:\/\/www.kultuuriruum.ee\/wp-content\/uploads\/2019\/10\/DSCF0296.jpg 3914w, https:\/\/www.kultuuriruum.ee\/wp-content\/uploads\/2019\/10\/DSCF0296-200x300.jpg 200w, https:\/\/www.kultuuriruum.ee\/wp-content\/uploads\/2019\/10\/DSCF0296-768x1152.jpg 768w, https:\/\/www.kultuuriruum.ee\/wp-content\/uploads\/2019\/10\/DSCF0296-683x1024.jpg 683w, https:\/\/www.kultuuriruum.ee\/wp-content\/uploads\/2019\/10\/DSCF0296-1200x1800.jpg 1200w, https:\/\/www.kultuuriruum.ee\/wp-content\/uploads\/2019\/10\/DSCF0296-1170x1755.jpg 1170w, https:\/\/www.kultuuriruum.ee\/wp-content\/uploads\/2019\/10\/DSCF0296-933x1400.jpg 933w\" sizes=\"(max-width: 512px) 100vw, 512px\" \/><\/figure>\r\n<\/div>\r\n\r\n\r\n\r\n<div class=\"wp-block-image\">\r\n<figure class=\"aligncenter is-resized\"><img decoding=\"async\" loading=\"lazy\" class=\"wp-image-2503\" src=\"http:\/\/www.kultuuriruum.ee\/wp-content\/uploads\/2019\/10\/67587269_697192230745977_750207761567973376_n.jpg\" alt=\"\" width=\"720\" height=\"720\" srcset=\"https:\/\/www.kultuuriruum.ee\/wp-content\/uploads\/2019\/10\/67587269_697192230745977_750207761567973376_n.jpg 960w, https:\/\/www.kultuuriruum.ee\/wp-content\/uploads\/2019\/10\/67587269_697192230745977_750207761567973376_n-250x250.jpg 250w, https:\/\/www.kultuuriruum.ee\/wp-content\/uploads\/2019\/10\/67587269_697192230745977_750207761567973376_n-300x300.jpg 300w, https:\/\/www.kultuuriruum.ee\/wp-content\/uploads\/2019\/10\/67587269_697192230745977_750207761567973376_n-768x768.jpg 768w, https:\/\/www.kultuuriruum.ee\/wp-content\/uploads\/2019\/10\/67587269_697192230745977_750207761567973376_n-150x150.jpg 150w, https:\/\/www.kultuuriruum.ee\/wp-content\/uploads\/2019\/10\/67587269_697192230745977_750207761567973376_n-100x100.jpg 100w\" sizes=\"(max-width: 720px) 100vw, 720px\" \/><\/figure>\r\n<\/div>\r\n","protected":false},"excerpt":{"rendered":"<p>Metsamaa talu sobib suurep\u00e4raselt laagrite ja erinevate \u00f5pitubade l\u00e4biviimiseks, siin toimuvad \u00fcritused ning saab vaadata-kuulata folkloorikontserti. LAAGRID \u00d5PITOAD \u00dcRITUSED FOLKLOORIKONTSERDID SUVETEATER RUUMIDE RENT TOITLUSTAMINE JA METSAMAA NU\u00d5RD\u00d5KOHVIK LAAGRIDMetsamaa sobib ideaalselt k\u00f5iksugu laagrite toimumiskohaks. Traditsiooniliselt toimub kevadel kudumislaager (Kihnu Kudumisfestival), juulikuus naivistliku kunsti laager, augustis pillilaager ja s\u00fcgisel viiulilaager (Kihnu Viiulifestival). Lisaks korraldame jooksvalt 2-3-p\u00e4evaseid Kihnu p\u00e4rimuslaagreid mandrirahvale. Plaanis on laager &hellip;<\/p>\n","protected":false},"author":2,"featured_media":0,"parent":0,"menu_order":0,"comment_status":"closed","ping_status":"closed","template":"","meta":[],"_links":{"self":[{"href":"https:\/\/www.kultuuriruum.ee\/en\/wp-json\/wp\/v2\/pages\/2990"}],"collection":[{"href":"https:\/\/www.kultuuriruum.ee\/en\/wp-json\/wp\/v2\/pages"}],"about":[{"href":"https:\/\/www.kultuuriruum.ee\/en\/wp-json\/wp\/v2\/types\/page"}],"author":[{"embeddable":true,"href":"https:\/\/www.kultuuriruum.ee\/en\/wp-json\/wp\/v2\/users\/2"}],"replies":[{"embeddable":true,"href":"https:\/\/www.kultuuriruum.ee\/en\/wp-json\/wp\/v2\/comments?post=2990"}],"version-history":[{"count":24,"href":"https:\/\/www.kultuuriruum.ee\/en\/wp-json\/wp\/v2\/pages\/2990\/revisions"}],"predecessor-version":[{"id":5066,"href":"https:\/\/www.kultuuriruum.ee\/en\/wp-json\/wp\/v2\/pages\/2990\/revisions\/5066"}],"wp:attachment":[{"href":"https:\/\/www.kultuuriruum.ee\/en\/wp-json\/wp\/v2\/media?parent=2990"}],"curies":[{"name":"wp","href":"https:\/\/api.w.org\/{rel}","templated":true}]}}