{"id":2980,"date":"2019-02-15T19:22:41","date_gmt":"2019-02-15T19:22:41","guid":{"rendered":"http:\/\/www.kultuuriruum.ee\/metsamaa-parimustalu-hinnakiri\/"},"modified":"2026-04-13T18:04:49","modified_gmt":"2026-04-13T18:04:49","slug":"metsamaa-parimustalu-hinnakiri","status":"publish","type":"page","link":"https:\/\/www.kultuuriruum.ee\/en\/metsamaa-parimustalu-hinnakiri\/","title":{"rendered":"Hinnakiri"},"content":{"rendered":"<h3><strong>Metsamaa p\u00e4rimustalu teenuste ja ruumide hinnakiri alates 01.01.2026<\/strong><\/h3>\n<p><strong>PEAMAJA<\/strong><br \/>\n<em>Hinna sees lauad, toolid, laudlinad, abi ruumide s\u00e4ttimisel, koristus, k\u00f6\u00f6gi kasutamise v\u00f5imalus<\/em>*<\/p>\n<p>Peamaja I korruse rent (september-mai) <strong>250 \u20ac<\/strong><br \/>\nPeamaja I korruse rent (juuni-august) <strong>350 \u20ac<\/strong><br \/>\nKogu peamaja rent 24h, sh majutus 14 in (sept-mai)* <strong>500 \u20ac<\/strong><br \/>\nKogu peamaja rent 24h, sh majutus 14 in (juuni-august)* <strong>600 \u20ac<\/strong><br \/>\nPeamaja I korruse seminariruumi rent 1h <strong>35 \u20ac<\/strong><br \/>\nPeamaja I korruse rent laste s\u00fcnnip\u00e4evapeo korraldamiseks kuni 5h <strong>90 \u20ac<\/strong><\/p>\n<p>Peamaja k\u00f6\u00f6gis on olemas elektripliit, k\u00fclmkapp, mikrolaineahi, kraanikauss, potid-pannid, piiratud valik n\u00f5usid.<\/p>\n<p><strong>KOGU KOMPLEKS<\/strong> (peamaja+k\u00f5rvalhoone)<br \/>\n<em>Hinna sees lauad, toolid, laudlinad, abi ruumide s\u00e4ttimisel, koristus, peamaja k\u00f6\u00f6gi kasutamise v\u00f5imalus<\/em>*<\/p>\n<p>Metsamaa kompleksi rendihind koos majutusega 24h s\u00fcnnip\u00e4evade, pulmade vms pidamiseks (hind kehtib 30-le)* <strong>900 \u20ac<\/strong><br \/>\nMetsamaa kompleksi rendihind ilma majutuseta <strong>450 \u20ac<\/strong><\/p>\n<p>Telgi rent koos \u00fcles panekuga ja maha v\u00f5tmisega 6&#215;9 m <strong>300 \u20ac<\/strong><\/p>\n<p><strong>K\u00d5RVALHOONE<\/strong><br \/>\n(Hinna sees lauad, toolid, laudlinad, abi ruumide s\u00e4ttimisel, koristus)<\/p>\n<p>K\u00f5rvalhoone kohvikuruumi rent koos terrassiga (mai-august) \u00a0<strong>200 \u20ac<\/strong><br \/>\nKogu k\u00f5rvalhoone rent, sh majutus 16 in <strong>550 \u20ac<\/strong><\/p>\n<p>&nbsp;<\/p>\n<p>Pakume ka kihnup\u00e4rast hommiku-, l\u00f5una- ja \u00f5htus\u00f6\u00f6ki (al. 10 inimest).<br \/>\nLisateenused kokkuleppel: jalgrattalaenutus, ekskursioon ja kastiautos\u00f5it Kihnu saarel.<br \/>\nKihnlastele kehtivad kokkuleppehinnad. K\u00fcsi pakkumist!<\/p>\n<p>&nbsp;<\/p>\n<p><strong>LISATEENUSED<\/strong><br \/>\nN\u00f5ude rent (30-le) <strong>60 \u20ac<\/strong><\/p>\n<p>Majutus (sh voodipesu ja r\u00e4tik):<br \/>\nT\u00e4iskasvanu <strong>29 \u20ac\/\u00f6\u00f6<\/strong><br \/>\nLaps al. 7a <strong>17 \u20ac\/\u00f6\u00f6<\/strong><br \/>\n<em>Kuni 6a (k.a) laps <strong>tasuta<\/strong><br \/>\n\u00f6\u00f6bimine 10-kohalises toas<\/em><\/p>\n<p>Suitsusaun (saun soe ca 3h) <strong>160 \u20ac<\/strong><br \/>\n<em>lisatasu eest saab juurde tellida sn\u00e4kke ja jooke ning vajadusel saunalinasid<\/em><\/p>\n<p>Kihnu pillilaste kontsert ja Kihnu tantsu \u00f5pituba (45 min)<br \/>\nKuni 20 in &#8211; <strong>250\u20ac<\/strong><br \/>\n30 in &#8211; <strong>300\u20ac<\/strong><br \/>\n40in &#8211; <strong>350\u20ac<\/strong><\/p>\n<p>Paeltepunumise \u00f5pituba <strong>8\u00a0\u20ac<\/strong> \/ in<br \/>\nHind sisaldab materjale ja juhendamist<br \/>\nMitte v\u00e4hem, kui 85 \u20ac grupi kohta<\/p>\n<p>Kihnu lihapirukate valmistamise \u00f5pituba (grupp max 15 in) <strong>250 \u20ac<\/strong><\/p>\n<p>Metsamaa tutvustus <strong>3 \u20ac \/ in<\/strong><br \/>\n*mitte v\u00e4hem, kui 45\u20ac grupi kohta<\/p>\n<p>K\u00f6rdi kudumine teljete toas Metsamaal <strong>5 \u20ac<\/strong> \/ p\u00e4ev (reaalselt oldud p\u00e4evad)<br \/>\n+ niidid <strong>5 \u20ac<\/strong> \/ k\u00f6rt<\/p>\n<p>K\u00fcsimuste korral v\u00f5tke kindlasti \u00fchendust ja leiame just Teile sobiva lahenduse!<\/p>\n<p>Hinnad sisaldavad k\u00e4ibemaksu (rent 0%, majutus 13%, \u00fclej\u00e4\u00e4nud teenused 24%).<\/p>\n<p>Lisainfo metsamaaparimustalu@gmail.com, \u00a0tel +372 5332 6035, Mari Mets<\/p>\n","protected":false},"excerpt":{"rendered":"<p>Metsamaa p\u00e4rimustalu teenuste ja ruumide hinnakiri alates 01.01.2026 PEAMAJA Hinna sees lauad, toolid, laudlinad, abi ruumide s\u00e4ttimisel, koristus, k\u00f6\u00f6gi kasutamise v\u00f5imalus* Peamaja I korruse rent (september-mai) 250 \u20ac Peamaja I korruse rent (juuni-august) 350 \u20ac Kogu peamaja rent 24h, sh majutus 14 in (sept-mai)* 500 \u20ac Kogu peamaja rent 24h, sh majutus 14 in (juuni-august)* 600 \u20ac Peamaja I korruse &hellip;<\/p>\n","protected":false},"author":2,"featured_media":0,"parent":0,"menu_order":0,"comment_status":"closed","ping_status":"closed","template":"","meta":[],"_links":{"self":[{"href":"https:\/\/www.kultuuriruum.ee\/en\/wp-json\/wp\/v2\/pages\/2980"}],"collection":[{"href":"https:\/\/www.kultuuriruum.ee\/en\/wp-json\/wp\/v2\/pages"}],"about":[{"href":"https:\/\/www.kultuuriruum.ee\/en\/wp-json\/wp\/v2\/types\/page"}],"author":[{"embeddable":true,"href":"https:\/\/www.kultuuriruum.ee\/en\/wp-json\/wp\/v2\/users\/2"}],"replies":[{"embeddable":true,"href":"https:\/\/www.kultuuriruum.ee\/en\/wp-json\/wp\/v2\/comments?post=2980"}],"version-history":[{"count":12,"href":"https:\/\/www.kultuuriruum.ee\/en\/wp-json\/wp\/v2\/pages\/2980\/revisions"}],"predecessor-version":[{"id":5262,"href":"https:\/\/www.kultuuriruum.ee\/en\/wp-json\/wp\/v2\/pages\/2980\/revisions\/5262"}],"wp:attachment":[{"href":"https:\/\/www.kultuuriruum.ee\/en\/wp-json\/wp\/v2\/media?parent=2980"}],"curies":[{"name":"wp","href":"https:\/\/api.w.org\/{rel}","templated":true}]}}