{"id":2949,"date":"2019-11-14T17:36:07","date_gmt":"2019-11-14T17:36:07","guid":{"rendered":"http:\/\/www.kultuuriruum.ee\/laagrid\/"},"modified":"2023-02-13T06:17:06","modified_gmt":"2023-02-13T06:17:06","slug":"laagrid","status":"publish","type":"page","link":"https:\/\/www.kultuuriruum.ee\/en\/laagrid\/","title":{"rendered":"Laagrid"},"content":{"rendered":"\r\n<div class=\"wp-block-media-text alignwide has-media-on-the-right\" style=\"grid-template-columns: auto 35%;\">\r\n<figure class=\"wp-block-media-text__media\"><img decoding=\"async\" loading=\"lazy\" width=\"5883\" height=\"3922\" class=\"wp-image-2549\" src=\"http:\/\/www.kultuuriruum.ee\/wp-content\/uploads\/2019\/10\/DSCF6888.jpg\" alt=\"\" srcset=\"https:\/\/www.kultuuriruum.ee\/wp-content\/uploads\/2019\/10\/DSCF6888.jpg 5883w, https:\/\/www.kultuuriruum.ee\/wp-content\/uploads\/2019\/10\/DSCF6888-300x200.jpg 300w, https:\/\/www.kultuuriruum.ee\/wp-content\/uploads\/2019\/10\/DSCF6888-768x512.jpg 768w, https:\/\/www.kultuuriruum.ee\/wp-content\/uploads\/2019\/10\/DSCF6888-1024x683.jpg 1024w, https:\/\/www.kultuuriruum.ee\/wp-content\/uploads\/2019\/10\/DSCF6888-1200x800.jpg 1200w, https:\/\/www.kultuuriruum.ee\/wp-content\/uploads\/2019\/10\/DSCF6888-1170x780.jpg 1170w, https:\/\/www.kultuuriruum.ee\/wp-content\/uploads\/2019\/10\/DSCF6888-1400x933.jpg 1400w\" sizes=\"(max-width: 5883px) 100vw, 5883px\" \/><\/figure>\r\n<div class=\"wp-block-media-text__content\">\r\n<p>Metsamaa sobib ideaalselt k\u00f5iksugu laagrite toimumiskohaks. Traditsiooniliselt toimub kevadel <strong>kudumislaager <\/strong>(Kihnu Kudumisfestival), juulikuus <strong>naivistliku kunsti laager<\/strong>, augustis <strong>pillilaager<\/strong> ja s\u00fcgisel <strong>viiulilaager<\/strong> (Kihnu Viiulifestival). Lisaks korraldame jooksvalt 2-3-p\u00e4evaseid <strong>Kihnu p\u00e4rimuslaagreid mandrirahvale<\/strong>. Plaanis on laager <strong>linnakihnlaste lastele<\/strong>, lisaks t<strong>oidu-, muusika- ja p\u00e4rimuskultuuri<\/strong> teemalised laagrid ja \u00f5ppep\u00e4evad t\u00e4iskasvanutele.<\/p>\r\n<\/div>\r\n<\/div>\r\n\r\n\r\n\r\n\r\n\r\n<p>Majutame <strong>25-35 inimest<\/strong>, pillilaagri ja viiulifestivali ajal on Metsamaal olnud \u00f6\u00f6bijaid ka <strong>60<\/strong>. \u00d6\u00f6bimine on voodites ja madratsitel kas oma magamiskottide\/voodiriietega v\u00f5i on voodiriided meie poolt. \u00d5pitubade ja tundide jaoks saab kasutada peamaja tuba ja rihalust ning abihoone kohvikuruumi. Suvel on v\u00f5imalik \u00f5ue p\u00fcstitada suuri telke, mis sobivad h\u00e4sti tundide l\u00e4biviimiseks.<br \/>Pakume omalt poolt teie laagrite ja \u00f5ppep\u00e4evade toitlustamist.<\/p>\r\n\r\n\r\n\r\n\r\n\r\n<figure class=\"wp-block-image\"><img decoding=\"async\" loading=\"lazy\" width=\"2048\" height=\"1365\" class=\"wp-image-2629\" src=\"http:\/\/www.kultuuriruum.ee\/wp-content\/uploads\/2019\/10\/img-8641-fgQmsWkfUc.jpg\" alt=\"\" srcset=\"https:\/\/www.kultuuriruum.ee\/wp-content\/uploads\/2019\/10\/img-8641-fgQmsWkfUc.jpg 2048w, https:\/\/www.kultuuriruum.ee\/wp-content\/uploads\/2019\/10\/img-8641-fgQmsWkfUc-300x200.jpg 300w, https:\/\/www.kultuuriruum.ee\/wp-content\/uploads\/2019\/10\/img-8641-fgQmsWkfUc-768x512.jpg 768w, https:\/\/www.kultuuriruum.ee\/wp-content\/uploads\/2019\/10\/img-8641-fgQmsWkfUc-1024x683.jpg 1024w, https:\/\/www.kultuuriruum.ee\/wp-content\/uploads\/2019\/10\/img-8641-fgQmsWkfUc-1200x800.jpg 1200w, https:\/\/www.kultuuriruum.ee\/wp-content\/uploads\/2019\/10\/img-8641-fgQmsWkfUc-1170x780.jpg 1170w, https:\/\/www.kultuuriruum.ee\/wp-content\/uploads\/2019\/10\/img-8641-fgQmsWkfUc-1400x933.jpg 1400w\" sizes=\"(max-width: 2048px) 100vw, 2048px\" \/><\/figure>\r\n\r\n\r\n\r\n<figure class=\"wp-block-image\"><img decoding=\"async\" loading=\"lazy\" width=\"5539\" height=\"3693\" class=\"wp-image-2541\" src=\"http:\/\/www.kultuuriruum.ee\/wp-content\/uploads\/2019\/10\/DSCF5938.jpg\" alt=\"\" srcset=\"https:\/\/www.kultuuriruum.ee\/wp-content\/uploads\/2019\/10\/DSCF5938.jpg 5539w, https:\/\/www.kultuuriruum.ee\/wp-content\/uploads\/2019\/10\/DSCF5938-300x200.jpg 300w, https:\/\/www.kultuuriruum.ee\/wp-content\/uploads\/2019\/10\/DSCF5938-768x512.jpg 768w, https:\/\/www.kultuuriruum.ee\/wp-content\/uploads\/2019\/10\/DSCF5938-1024x683.jpg 1024w, https:\/\/www.kultuuriruum.ee\/wp-content\/uploads\/2019\/10\/DSCF5938-1200x800.jpg 1200w, https:\/\/www.kultuuriruum.ee\/wp-content\/uploads\/2019\/10\/DSCF5938-1170x780.jpg 1170w, https:\/\/www.kultuuriruum.ee\/wp-content\/uploads\/2019\/10\/DSCF5938-1400x933.jpg 1400w\" sizes=\"(max-width: 5539px) 100vw, 5539px\" \/><\/figure>\r\n","protected":false},"excerpt":{"rendered":"<p>Metsamaa sobib ideaalselt k\u00f5iksugu laagrite toimumiskohaks. Traditsiooniliselt toimub kevadel kudumislaager (Kihnu Kudumisfestival), juulikuus naivistliku kunsti laager, augustis pillilaager ja s\u00fcgisel viiulilaager (Kihnu Viiulifestival). Lisaks korraldame jooksvalt 2-3-p\u00e4evaseid Kihnu p\u00e4rimuslaagreid mandrirahvale. Plaanis on laager linnakihnlaste lastele, lisaks toidu-, muusika- ja p\u00e4rimuskultuuri teemalised laagrid ja \u00f5ppep\u00e4evad t\u00e4iskasvanutele. Majutame 25-35 inimest, pillilaagri ja viiulifestivali ajal on Metsamaal olnud \u00f6\u00f6bijaid ka 60. \u00d6\u00f6bimine on &hellip;<\/p>\n","protected":false},"author":2,"featured_media":0,"parent":0,"menu_order":0,"comment_status":"closed","ping_status":"closed","template":"","meta":[],"_links":{"self":[{"href":"https:\/\/www.kultuuriruum.ee\/en\/wp-json\/wp\/v2\/pages\/2949"}],"collection":[{"href":"https:\/\/www.kultuuriruum.ee\/en\/wp-json\/wp\/v2\/pages"}],"about":[{"href":"https:\/\/www.kultuuriruum.ee\/en\/wp-json\/wp\/v2\/types\/page"}],"author":[{"embeddable":true,"href":"https:\/\/www.kultuuriruum.ee\/en\/wp-json\/wp\/v2\/users\/2"}],"replies":[{"embeddable":true,"href":"https:\/\/www.kultuuriruum.ee\/en\/wp-json\/wp\/v2\/comments?post=2949"}],"version-history":[{"count":21,"href":"https:\/\/www.kultuuriruum.ee\/en\/wp-json\/wp\/v2\/pages\/2949\/revisions"}],"predecessor-version":[{"id":4726,"href":"https:\/\/www.kultuuriruum.ee\/en\/wp-json\/wp\/v2\/pages\/2949\/revisions\/4726"}],"wp:attachment":[{"href":"https:\/\/www.kultuuriruum.ee\/en\/wp-json\/wp\/v2\/media?parent=2949"}],"curies":[{"name":"wp","href":"https:\/\/api.w.org\/{rel}","templated":true}]}}