{"id":2945,"date":"2019-10-28T23:52:18","date_gmt":"2019-10-28T23:52:18","guid":{"rendered":"http:\/\/www.kultuuriruum.ee\/metsamaa\/"},"modified":"2023-05-26T05:24:40","modified_gmt":"2023-05-26T05:24:40","slug":"metsamaa","status":"publish","type":"page","link":"https:\/\/www.kultuuriruum.ee\/en\/metsamaa\/","title":{"rendered":"Metsamaa"},"content":{"rendered":"\r\n<div class=\"wp-block-image\">\r\n<figure class=\"aligncenter\"><img decoding=\"async\" loading=\"lazy\" width=\"933\" height=\"306\" class=\"wp-image-2835\" src=\"http:\/\/www.kultuuriruum.ee\/wp-content\/uploads\/2019\/12\/Metsamaa-maja-1.jpg\" alt=\"\" srcset=\"https:\/\/www.kultuuriruum.ee\/wp-content\/uploads\/2019\/12\/Metsamaa-maja-1.jpg 933w, https:\/\/www.kultuuriruum.ee\/wp-content\/uploads\/2019\/12\/Metsamaa-maja-1-300x98.jpg 300w, https:\/\/www.kultuuriruum.ee\/wp-content\/uploads\/2019\/12\/Metsamaa-maja-1-768x252.jpg 768w\" sizes=\"(max-width: 933px) 100vw, 933px\" \/><\/figure>\r\n<\/div>\r\n\r\n\r\n\r\n<div class=\"wp-block-media-text alignwide has-media-on-the-right is-stacked-on-mobile\" style=\"grid-template-columns: auto 35%;\">\r\n<figure class=\"wp-block-media-text__media\"><img decoding=\"async\" loading=\"lazy\" width=\"800\" height=\"327\" class=\"wp-image-1710 alignright\" src=\"http:\/\/www.kultuuriruum.ee\/wp-content\/uploads\/2018\/11\/Interreg_est_latvia_LOGO.jpg\" alt=\"\" srcset=\"https:\/\/www.kultuuriruum.ee\/wp-content\/uploads\/2018\/11\/Interreg_est_latvia_LOGO.jpg 800w, https:\/\/www.kultuuriruum.ee\/wp-content\/uploads\/2018\/11\/Interreg_est_latvia_LOGO-300x123.jpg 300w, https:\/\/www.kultuuriruum.ee\/wp-content\/uploads\/2018\/11\/Interreg_est_latvia_LOGO-768x314.jpg 768w\" sizes=\"(max-width: 800px) 100vw, 800px\" \/><\/figure>\r\n<div class=\"wp-block-media-text__content\">\r\n<p class=\"has-large-font-size\" style=\"text-align: left;\"><strong>Metsamaa p\u00e4rimustalu<\/strong><br \/>on Kihnu saarel Rootsik\u00fclas asuv traditsiooniline talukompleks.<\/p>\r\n<\/div>\r\n<\/div>\r\n\r\n\r\n\r\n<p>Meil saab pidada laagreid, seminare, s\u00fcnnip\u00e4evi, k\u00fclapidusid ja palju muud! Metsamaa talu uksed on avatud nii kihnlastele kui ka mandriinimestele. Talukompleksi kuuluvad renoveeritud talumaja, v\u00e4ljak\u00f6\u00f6k-suitsusaun, ait ja vastvalminud ruumikas abihoone.<\/p>\r\n\r\n\r\n\r\n<p>Traditsioonilise planeeringuga <strong>peamajas<\/strong> on I korrusel tuba, tagumisest kambrist tekitatud kontoriruum, rihalun\u00f5 ehk rehealune, \u00fclakorrusel 2 magamistuba. \u00dches magamistubadest on \u00f5pitubade l\u00e4biviimiseks ja k\u00fclarahva kasutuseks kangasteljed.<br \/>See maja sobib h\u00e4sti seminaride ja \u00f5pitubade ning filmi- ja tantsu\u00f5htute l\u00e4biviimiseks, samuti t\u00e4htp\u00e4evade pidamiseks. Tuba mahutab istuma umbes <strong>25-30 inimest<\/strong>, rihalun\u00f5 kuni <strong>60 inimest<\/strong>. Kasutada saab projektorit ja lina, televiisorit ja suurt k\u00f5larit.<br \/>Majutada saab selles majas hetkel mugavalt <strong>13 inimest<\/strong> \u00fches suures magamistoas, vajadusel saab tekitada lisakohti.<\/p>\r\n\r\n\r\n\r\n<div class=\"wp-block-media-text alignwide is-stacked-on-mobile\" style=\"grid-template-columns: 29% auto;\">\r\n<figure class=\"wp-block-media-text__media\"><img decoding=\"async\" loading=\"lazy\" width=\"2000\" height=\"1399\" class=\"wp-image-2597\" src=\"http:\/\/www.kultuuriruum.ee\/wp-content\/uploads\/2019\/10\/img_8988.jpg\" alt=\"\" srcset=\"https:\/\/www.kultuuriruum.ee\/wp-content\/uploads\/2019\/10\/img_8988.jpg 2000w, https:\/\/www.kultuuriruum.ee\/wp-content\/uploads\/2019\/10\/img_8988-300x210.jpg 300w, https:\/\/www.kultuuriruum.ee\/wp-content\/uploads\/2019\/10\/img_8988-768x537.jpg 768w, https:\/\/www.kultuuriruum.ee\/wp-content\/uploads\/2019\/10\/img_8988-1024x716.jpg 1024w, https:\/\/www.kultuuriruum.ee\/wp-content\/uploads\/2019\/10\/img_8988-1200x839.jpg 1200w, https:\/\/www.kultuuriruum.ee\/wp-content\/uploads\/2019\/10\/img_8988-1170x818.jpg 1170w, https:\/\/www.kultuuriruum.ee\/wp-content\/uploads\/2019\/10\/img_8988-1400x979.jpg 1400w\" sizes=\"(max-width: 2000px) 100vw, 2000px\" \/><\/figure>\r\n<div class=\"wp-block-media-text__content\">\r\n<p><strong>Abihoones<\/strong> asub k\u00f6\u00f6k ja kohvikuruum, WC-d ja dusiruumid, teisel korrusel kaks suurt magamistuba, mis majutavad <strong>20 inimest. <\/strong><\/p>\r\n<\/div>\r\n<\/div>\r\n\r\n\r\n\r\n<div class=\"wp-block-media-text alignwide has-media-on-the-right is-stacked-on-mobile\" style=\"grid-template-columns: auto 33%;\">\r\n<figure class=\"wp-block-media-text__media\"><img decoding=\"async\" loading=\"lazy\" width=\"800\" height=\"534\" class=\"wp-image-731\" src=\"http:\/\/www.kultuuriruum.ee\/wp-content\/uploads\/2018\/01\/mai-keskel-2012-219.jpg\" alt=\"\" srcset=\"https:\/\/www.kultuuriruum.ee\/wp-content\/uploads\/2018\/01\/mai-keskel-2012-219.jpg 800w, https:\/\/www.kultuuriruum.ee\/wp-content\/uploads\/2018\/01\/mai-keskel-2012-219-300x200.jpg 300w, https:\/\/www.kultuuriruum.ee\/wp-content\/uploads\/2018\/01\/mai-keskel-2012-219-768x513.jpg 768w\" sizes=\"(max-width: 800px) 100vw, 800px\" \/><\/figure>\r\n<div class=\"wp-block-media-text__content\">\r\n<p><strong>Aidas<\/strong> on v\u00e4ljapanek t\u00f6\u00f6riistadest, riidekirstudest ja talu tarbeesemetest. Suvisel ajal on aidatoas ka 2 s\u00e4ngi, kus saab traditsioonilisel viisil \u00f6\u00f6bida.<\/p>\r\n<\/div>\r\n<\/div>\r\n\r\n\r\n\r\n<p>&nbsp;<\/p>\r\n\r\n\r\n\r\n<div class=\"wp-block-media-text alignwide is-stacked-on-mobile\" style=\"grid-template-columns: 27% auto;\">\r\n<figure class=\"wp-block-media-text__media\"><img decoding=\"async\" loading=\"lazy\" width=\"960\" height=\"720\" class=\"wp-image-2451\" src=\"http:\/\/www.kultuuriruum.ee\/wp-content\/uploads\/2019\/10\/37531360_482261288905740_989198158737178624_n.jpg\" alt=\"\" srcset=\"https:\/\/www.kultuuriruum.ee\/wp-content\/uploads\/2019\/10\/37531360_482261288905740_989198158737178624_n.jpg 960w, https:\/\/www.kultuuriruum.ee\/wp-content\/uploads\/2019\/10\/37531360_482261288905740_989198158737178624_n-300x225.jpg 300w, https:\/\/www.kultuuriruum.ee\/wp-content\/uploads\/2019\/10\/37531360_482261288905740_989198158737178624_n-768x576.jpg 768w\" sizes=\"(max-width: 960px) 100vw, 960px\" \/><\/figure>\r\n<div class=\"wp-block-media-text__content\">\r\n<p>Metsamaal on \u00fcks v\u00e4hestest j\u00e4relej\u00e4\u00e4nud <strong>v\u00e4ljak\u00f6\u00f6k-suitsusaunadest<\/strong> Kihnus. Saunasoovist teatage palun v\u00e4hemalt \u00f6\u00f6p\u00e4ev ette, siis j\u00f5uab sauna kuumaks k\u00fctta.<\/p>\r\n<\/div>\r\n<\/div>\r\n\r\n\r\n\r\n<p><br \/><strong>Talu\u00f5ues<\/strong> on piisavalt ruumi korraliku tantsu- v\u00f5i pulmapeo, spordiv\u00f5istluste v\u00f5i kasv\u00f5i teatrietenduse jaoks.<\/p>\r\n\r\n\r\n\r\n<p><br \/><strong>K\u00f5iki ruume on v\u00f5imalik oma \u00fcritusteks, laagriteks ja t\u00e4htp\u00e4evadeks rentida. Tingimused ja hinnakiri <a href=\"http:\/\/www.kultuuriruum.ee\/en\/metsamaa-parimustalu-hinnakiri\/\" target=\"_blank\" rel=\"noreferrer noopener\" aria-label=\"SIIN (opens in a new tab)\">SIIN<\/a><\/strong><\/p>\r\n","protected":false},"excerpt":{"rendered":"<p>Metsamaa p\u00e4rimustaluon Kihnu saarel Rootsik\u00fclas asuv traditsiooniline talukompleks. Meil saab pidada laagreid, seminare, s\u00fcnnip\u00e4evi, k\u00fclapidusid ja palju muud! Metsamaa talu uksed on avatud nii kihnlastele kui ka mandriinimestele. Talukompleksi kuuluvad renoveeritud talumaja, v\u00e4ljak\u00f6\u00f6k-suitsusaun, ait ja vastvalminud ruumikas abihoone. Traditsioonilise planeeringuga peamajas on I korrusel tuba, tagumisest kambrist tekitatud kontoriruum, rihalun\u00f5 ehk rehealune, \u00fclakorrusel 2 magamistuba. \u00dches magamistubadest on \u00f5pitubade l\u00e4biviimiseks &hellip;<\/p>\n","protected":false},"author":2,"featured_media":0,"parent":0,"menu_order":0,"comment_status":"closed","ping_status":"closed","template":"","meta":[],"_links":{"self":[{"href":"https:\/\/www.kultuuriruum.ee\/en\/wp-json\/wp\/v2\/pages\/2945"}],"collection":[{"href":"https:\/\/www.kultuuriruum.ee\/en\/wp-json\/wp\/v2\/pages"}],"about":[{"href":"https:\/\/www.kultuuriruum.ee\/en\/wp-json\/wp\/v2\/types\/page"}],"author":[{"embeddable":true,"href":"https:\/\/www.kultuuriruum.ee\/en\/wp-json\/wp\/v2\/users\/2"}],"replies":[{"embeddable":true,"href":"https:\/\/www.kultuuriruum.ee\/en\/wp-json\/wp\/v2\/comments?post=2945"}],"version-history":[{"count":29,"href":"https:\/\/www.kultuuriruum.ee\/en\/wp-json\/wp\/v2\/pages\/2945\/revisions"}],"predecessor-version":[{"id":4773,"href":"https:\/\/www.kultuuriruum.ee\/en\/wp-json\/wp\/v2\/pages\/2945\/revisions\/4773"}],"wp:attachment":[{"href":"https:\/\/www.kultuuriruum.ee\/en\/wp-json\/wp\/v2\/media?parent=2945"}],"curies":[{"name":"wp","href":"https:\/\/api.w.org\/{rel}","templated":true}]}}