{"id":1045,"date":"2018-02-05T14:00:28","date_gmt":"2018-02-05T14:00:28","guid":{"rendered":"http:\/\/www.kultuuriruum.ee\/?page_id=1045"},"modified":"2018-03-12T10:59:08","modified_gmt":"2018-03-12T10:59:08","slug":"unesco-tourism-eng","status":"publish","type":"page","link":"https:\/\/www.kultuuriruum.ee\/en\/unesco-tourism-eng\/","title":{"rendered":"Unesco-tourism"},"content":{"rendered":"<p><strong><a href=\"http:\/\/www.kultuuriruum.ee\/wp-content\/uploads\/2017\/10\/Blue_all-inclusive.jpg\" rel=\"lightbox[1045]\"><img decoding=\"async\" loading=\"lazy\" class=\"alignright wp-image-704 size-medium\" src=\"http:\/\/www.kultuuriruum.ee\/wp-content\/uploads\/2017\/10\/Blue_all-inclusive.jpg\" alt=\"\" width=\"300\" height=\"100\" srcset=\"https:\/\/www.kultuuriruum.ee\/wp-content\/uploads\/2017\/10\/Blue_all-inclusive.jpg 1809w, https:\/\/www.kultuuriruum.ee\/wp-content\/uploads\/2017\/10\/Blue_all-inclusive-300x100.jpg 300w, https:\/\/www.kultuuriruum.ee\/wp-content\/uploads\/2017\/10\/Blue_all-inclusive-768x256.jpg 768w, https:\/\/www.kultuuriruum.ee\/wp-content\/uploads\/2017\/10\/Blue_all-inclusive-1024x342.jpg 1024w, https:\/\/www.kultuuriruum.ee\/wp-content\/uploads\/2017\/10\/Blue_all-inclusive-1200x401.jpg 1200w, https:\/\/www.kultuuriruum.ee\/wp-content\/uploads\/2017\/10\/Blue_all-inclusive-1170x391.jpg 1170w, https:\/\/www.kultuuriruum.ee\/wp-content\/uploads\/2017\/10\/Blue_all-inclusive-1400x467.jpg 1400w\" sizes=\"(max-width: 300px) 100vw, 300px\" \/><\/a>2017.aasta m\u00e4rtsikuus algas <\/strong><strong>Eesti-L\u00e4ti piiri\u00fclese koost\u00f6\u00f6 programmi rahastuse toel<\/strong><strong> projekt \u201eOmakultuuri piirkondade arendamine ja tutvustamine turismi sihtkohtadena \u2013 UNESCO-tourism\u201c. Projekti raames arendavad neli piirkonda \u2013 Setomaa, Kihnu, Suiti ja Liivi \u2013 turismisihtkohti nii, et nende kultuurip\u00e4rand ja \u00fclemaailmselt tuntud UNESCO tunnustus oleks paremini rakendatud.<\/strong><\/p>\n<p>UNESCO vaimse kultuurip\u00e4randi esindusnimekirja kuuluvad piirkonnad on unikaalsed, sest vanad traditsioonid on hoitud elus kohalike inimeste igap\u00e4evaelu osana. Laul ja tants, rahvariided, usu- ja rahvakalendrip\u00fchade t\u00e4histamine, toidu- ja k\u00e4sit\u00f6\u00f6traditsioonid on neis paigus j\u00e4tkuvalt au sees. Eestist kuuluvad UNESCO vaimse kultuurip\u00e4randi nimistusse seto leelo, Kihnu kultuuriruum ja V\u00f5rumaa suitsusauna traditsioon.Projekti &#8220;UNESCO-tourism&#8221; eesm\u00e4rk on\u00a0 luua \u00fchine turismitoode UNESCO poolt tunnustatud nelja v\u00e4ikese omakultuuri piirkonna baasil. Pakkudes \u00fchist terviklikku ja atraktiivset turismitoodet on k\u00fclastajatel v\u00f5imalik osa saada ehedast kultuurip\u00e4randist, mida t\u00e4nap\u00e4eva maailmas leidub harva.<\/p>\n<p>Projekti tegevused on laias laastus jagatud kolme ossa: arendustegevused, sh v\u00e4iksemad investeeringud, koolitused, t\u00f6\u00f6toad; UNESCO suunalise arendusega seotud tegevused, sh tunnuslause loomine, konverentsid, \u00f5ppereis Ungarisse tutvumaks seal UNESCO piirkondade arenduse ja turundusega; turundus ja kommunikatsioon, sh \u00fchiste materjalide tootmine, reisijuhtide koostamine, messidel osalemine jms.<\/p>\n<p>Projekt &#8220;Unesco-tourism&#8221; viiakse ellu 3 aasta jooksul, 01.03.2017 &#8211; 28.02.2020 ning projekti kogueelarve on 1 123 547,00 EUR, mis sisaldab Eesti-L\u00e4ti programmi toetus 955 014,95 eurot.<\/p>\n<p>Projekti partnerid on MT\u00dc Setomaa Turism (juhtpartner), SA Seto Instituut, Rahvuskultuuri Keskus &#8220;Suiti&#8221;, Dundaga Vallavalitsus, Ventspilsi Vallavalitsus, L\u00e4ti Maaturismi \u00dchendus &#8220;Lauku ce\u013cot\u0101js&#8221;, Kihnu Vallavalitsus, SA Kihnu Kultuuriruum, V\u00e4rska Vallavalitsus, Merem\u00e4e Vallavalitsus, Kuldiga Vallavalitsus, Alsunga Vallavalitsus.<\/p>\n","protected":false},"excerpt":{"rendered":"<p>2017.aasta m\u00e4rtsikuus algas Eesti-L\u00e4ti piiri\u00fclese koost\u00f6\u00f6 programmi rahastuse toel projekt \u201eOmakultuuri piirkondade arendamine ja tutvustamine turismi sihtkohtadena \u2013 UNESCO-tourism\u201c. Projekti raames arendavad neli piirkonda \u2013 Setomaa, Kihnu, Suiti ja Liivi \u2013 turismisihtkohti nii, et nende kultuurip\u00e4rand ja \u00fclemaailmselt tuntud UNESCO tunnustus oleks paremini rakendatud. UNESCO vaimse kultuurip\u00e4randi esindusnimekirja kuuluvad piirkonnad on unikaalsed, sest vanad traditsioonid on hoitud elus kohalike inimeste &hellip;<\/p>\n","protected":false},"author":1,"featured_media":0,"parent":0,"menu_order":0,"comment_status":"closed","ping_status":"closed","template":"","meta":[],"_links":{"self":[{"href":"https:\/\/www.kultuuriruum.ee\/en\/wp-json\/wp\/v2\/pages\/1045"}],"collection":[{"href":"https:\/\/www.kultuuriruum.ee\/en\/wp-json\/wp\/v2\/pages"}],"about":[{"href":"https:\/\/www.kultuuriruum.ee\/en\/wp-json\/wp\/v2\/types\/page"}],"author":[{"embeddable":true,"href":"https:\/\/www.kultuuriruum.ee\/en\/wp-json\/wp\/v2\/users\/1"}],"replies":[{"embeddable":true,"href":"https:\/\/www.kultuuriruum.ee\/en\/wp-json\/wp\/v2\/comments?post=1045"}],"version-history":[{"count":2,"href":"https:\/\/www.kultuuriruum.ee\/en\/wp-json\/wp\/v2\/pages\/1045\/revisions"}],"predecessor-version":[{"id":1123,"href":"https:\/\/www.kultuuriruum.ee\/en\/wp-json\/wp\/v2\/pages\/1045\/revisions\/1123"}],"wp:attachment":[{"href":"https:\/\/www.kultuuriruum.ee\/en\/wp-json\/wp\/v2\/media?parent=1045"}],"curies":[{"name":"wp","href":"https:\/\/api.w.org\/{rel}","templated":true}]}}