{"id":1023,"date":"2018-02-05T13:56:03","date_gmt":"2018-02-05T13:56:03","guid":{"rendered":"http:\/\/www.kultuuriruum.ee\/?page_id=1023"},"modified":"2018-03-12T12:02:12","modified_gmt":"2018-03-12T12:02:12","slug":"parimuspreemia-eng","status":"publish","type":"page","link":"https:\/\/www.kultuuriruum.ee\/en\/parimuspreemia-eng\/","title":{"rendered":"Heritage prize"},"content":{"rendered":"<p>P\u00e4rimuspreemia eesm\u00e4rk on m\u00e4lestada Kihnu kultuuri suurkuju Theodor Saart ning innustada tema t\u00f6\u00f6 j\u00e4tkajaid. Auhind antakse noorele, kes on silma paistnud Kihnu p\u00e4rimuskultuuri j\u00e4tkaja v\u00f5i uurijana.<\/p>\n<ol>\n<li>Auhinna saaja otsustab SA Kihnu Kultuuriruum n\u00f5ukogu lihth\u00e4\u00e4lteenamusega. N\u00f5ukogul on \u00f5igus sobiva kandidaadi puudumisel j\u00e4tta auhind m\u00f5nel aastal v\u00e4lja andmata<\/li>\n<li>Kirjalikke ettepanekuid autasustamiseks v\u00f5ib esitada iga\u00fcks igal aastal kuni 1. veebruarini. Auhinna kandidaadiks ei saa seada SA Kihnu Kultuuriruum n\u00f5ukogu ja juhatuse liikmeid.<\/li>\n<li>Auhind koosneb Jaan Oadi maali reproduktsioonist ja rahalisest preemiast<\/li>\n<li>Laureaat kuulutatakse v\u00e4lja Theodor Saare s\u00fcnniaastap\u00e4eval 20. m\u00e4rtsil.<\/li>\n<\/ol>\n<p><b>P\u00e4rimuskultuuri preemiad on saanud:<\/b><\/p>\n<ul>\n<li>2015\u00a0 Orisselja Reet, lastele pillim\u00e4ngu \u00f5petamise eest ja aktiivse tegutsemise eest merep\u00e4randit koguvas Kihnu Mere Seltsis.<\/li>\n<li>2014\u00a0 Elme M\u00e4nni, kihnukeelset luuletuste tegemise eest.<\/li>\n<li>2013\u00a0 Kuraga Mari, viiuli\u00f5ppe ja etnusiastliku Kihnu kultuuri arendamise eest.<\/li>\n<li>2012\u00a0 Kolde K\u00fclli, Kihnu keele edendamise eest, kihnukeelse \u00f5ppematerjali loomise eest.<\/li>\n<li>2011\u00a0 Li\u00e4nemets\u00e4 Reene, kihnukeelsete uudiste ja E-s\u00f5nastiku loomise eest.<\/li>\n<li>2009\u00a0 Mere Marju, kihnukeelsete uudiste tegemise eest.<\/li>\n<li>2007\u00a0 Lohu Anneli, k\u00e4sit\u00f6\u00f6poe avamise eest.<\/li>\n<li>2006\u00a0 Kaerametsa Raino, Kihnu meremehelaulude taaselustamise eest.<\/li>\n<\/ul>\n<p><b>Theodor Saar<\/b>\u00a0(1906\u00a0\u2013 1984) oli\u00a0Kihnu\u00a0\u00f5petaja, koduloolane,\u00a0Kihnu Muuseumi\u00a0asutaja ja muusik. Saar uuris p\u00f5hjalikult nii Kihnu kui ka teiste\u00a0L\u00e4\u00e4ne-Eesti\u00a0v\u00e4ikesaarte, aga ka\u00a0P\u00e4rnu- ja\u00a0L\u00e4\u00e4nemaa\u00a0folkloori.<\/p>\n<p><a href=\"http:\/\/www.kultuuriruum.ee\/wp-content\/uploads\/2017\/08\/saare_auhind.jpg\" rel=\"lightbox[1023]\"><img decoding=\"async\" loading=\"lazy\" class=\"alignnone size-medium wp-image-646\" src=\"http:\/\/www.kultuuriruum.ee\/wp-content\/uploads\/2017\/08\/saare_auhind.jpg\" alt=\"saare_auhind\" width=\"225\" height=\"300\" srcset=\"https:\/\/www.kultuuriruum.ee\/wp-content\/uploads\/2017\/08\/saare_auhind.jpg 900w, https:\/\/www.kultuuriruum.ee\/wp-content\/uploads\/2017\/08\/saare_auhind-225x300.jpg 225w, https:\/\/www.kultuuriruum.ee\/wp-content\/uploads\/2017\/08\/saare_auhind-768x1024.jpg 768w\" sizes=\"(max-width: 225px) 100vw, 225px\" \/><\/a> <a href=\"http:\/\/www.kultuuriruum.ee\/wp-content\/uploads\/2017\/08\/saare_auhind1.jpg\" rel=\"lightbox[1023]\"><img decoding=\"async\" loading=\"lazy\" class=\"alignnone size-medium wp-image-647\" src=\"http:\/\/www.kultuuriruum.ee\/wp-content\/uploads\/2017\/08\/saare_auhind1.jpg\" alt=\"saare_auhind1\" width=\"235\" height=\"300\" srcset=\"https:\/\/www.kultuuriruum.ee\/wp-content\/uploads\/2017\/08\/saare_auhind1.jpg 752w, https:\/\/www.kultuuriruum.ee\/wp-content\/uploads\/2017\/08\/saare_auhind1-235x300.jpg 235w\" sizes=\"(max-width: 235px) 100vw, 235px\" \/><\/a><\/p>\n","protected":false},"excerpt":{"rendered":"<p>P\u00e4rimuspreemia eesm\u00e4rk on m\u00e4lestada Kihnu kultuuri suurkuju Theodor Saart ning innustada tema t\u00f6\u00f6 j\u00e4tkajaid. Auhind antakse noorele, kes on silma paistnud Kihnu p\u00e4rimuskultuuri j\u00e4tkaja v\u00f5i uurijana. Auhinna saaja otsustab SA Kihnu Kultuuriruum n\u00f5ukogu lihth\u00e4\u00e4lteenamusega. N\u00f5ukogul on \u00f5igus sobiva kandidaadi puudumisel j\u00e4tta auhind m\u00f5nel aastal v\u00e4lja andmata Kirjalikke ettepanekuid autasustamiseks v\u00f5ib esitada iga\u00fcks igal aastal kuni 1. veebruarini. Auhinna kandidaadiks ei &hellip;<\/p>\n","protected":false},"author":1,"featured_media":0,"parent":0,"menu_order":0,"comment_status":"closed","ping_status":"closed","template":"","meta":[],"_links":{"self":[{"href":"https:\/\/www.kultuuriruum.ee\/en\/wp-json\/wp\/v2\/pages\/1023"}],"collection":[{"href":"https:\/\/www.kultuuriruum.ee\/en\/wp-json\/wp\/v2\/pages"}],"about":[{"href":"https:\/\/www.kultuuriruum.ee\/en\/wp-json\/wp\/v2\/types\/page"}],"author":[{"embeddable":true,"href":"https:\/\/www.kultuuriruum.ee\/en\/wp-json\/wp\/v2\/users\/1"}],"replies":[{"embeddable":true,"href":"https:\/\/www.kultuuriruum.ee\/en\/wp-json\/wp\/v2\/comments?post=1023"}],"version-history":[{"count":2,"href":"https:\/\/www.kultuuriruum.ee\/en\/wp-json\/wp\/v2\/pages\/1023\/revisions"}],"predecessor-version":[{"id":1145,"href":"https:\/\/www.kultuuriruum.ee\/en\/wp-json\/wp\/v2\/pages\/1023\/revisions\/1145"}],"wp:attachment":[{"href":"https:\/\/www.kultuuriruum.ee\/en\/wp-json\/wp\/v2\/media?parent=1023"}],"curies":[{"name":"wp","href":"https:\/\/api.w.org\/{rel}","templated":true}]}}