{"id":1019,"date":"2018-02-05T13:55:50","date_gmt":"2018-02-05T13:55:50","guid":{"rendered":"http:\/\/www.kultuuriruum.ee\/?page_id=1019"},"modified":"2018-04-02T08:52:56","modified_gmt":"2018-04-02T08:52:56","slug":"meedia-meist-eng","status":"publish","type":"page","link":"https:\/\/www.kultuuriruum.ee\/en\/meedia-meist-eng\/","title":{"rendered":"Media links"},"content":{"rendered":"<p><strong>Visions of Kihnu. <\/strong>A short film by Madis Ligema (2014)<\/p>\n<p>&nbsp;<\/p>\n<p><iframe loading=\"lazy\" src=\"https:\/\/www.youtube.com\/embed\/Pk2Ojp1B7ik?rel=0\" width=\"320\" height=\"240\" frameborder=\"0\"><\/iframe><\/p>\n<p><strong>Kihnu culture &#8211; authentic and real.<\/strong> Photos and music from Kihnu. Published by P\u00e4rnu College (2011).<\/p>\n<p><iframe loading=\"lazy\" width=\"1170\" height=\"658\" src=\"https:\/\/www.youtube.com\/embed\/Dz6Q-DyzcSE?feature=oembed\" frameborder=\"0\" allow=\"autoplay; encrypted-media\" allowfullscreen><\/iframe><\/p>\n<p>&nbsp;<\/p>\n<p><strong>Kihnu island, Estonia.<\/strong> A short video by Geoff Moore (2015).<\/p>\n<p><iframe loading=\"lazy\" width=\"1170\" height=\"658\" src=\"https:\/\/www.youtube.com\/embed\/aY5PuVjxAM4?start=7&#038;feature=oembed\" frameborder=\"0\" allow=\"autoplay; encrypted-media\" allowfullscreen><\/iframe><\/p>\n<p>&nbsp;<\/p>\n<p><a href=\"https:\/\/parnu.postimees.ee\/4389353\/kihnu-kutsub-kudujad-maailma-esimesele-peole\"><strong>Kihnu kutsub kudujaid maailma esimesele peole<\/strong><\/a><\/p>\n<p>P\u00e4rnu Postimees, 27. jaanuar 2018<\/p>\n<p><b>Kihnus avati galerii<\/b><br \/>\n<a href=\"http:\/\/ekspress.delfi.ee\/news\/areen\/kihnus-avati-galerii?id=72005965\" target=\"_blank\" rel=\"noopener\">Eesti Ekspress, 30. juuli 2015<\/a><\/p>\n<p><b>Les gardiennes de Kihnu<\/b><br \/>\n<a href=\"http:\/\/www.lemonde.fr\/europe\/visuel\/2014\/10\/04\/sur-l-ile-de-kihnu-une-des-dernieres-societes-matriarcales-d-europe_4494934_3214.html\" target=\"_blank\" rel=\"noopener\">www.lemonde.fr<\/a><\/p>\n<p><b>V\u00e4ike Kihnu saar l\u00f6\u00f6b Prantsusmaal laineid<\/b><br \/>\n<a href=\"http:\/\/maaleht.delfi.ee\/news\/maaleht\/uudised\/vaike-kihnu-saar-loob-prantsusmaal-laineid.d?id=69898247\" target=\"_blank\" rel=\"noopener\">Maaleht, 07. oktoober 2014<\/a><\/p>\n<p><b>Mallory on travel<\/b><br \/>\n<a href=\"http:\/\/malloryontravel.com\/2014\/09\/cool-places\/europe\/estonia\/kihnu-cultural-time-warp-baltic\/\" target=\"_blank\" rel=\"noopener\">malloryontravel.com<\/a><\/p>\n<p><b>Portrait de famele<\/b><br \/>\n<a href=\"https:\/\/www.facebook.com\/307266622649796\/photos\/a.486704011372722.106951.307266622649796\/784470801596040\/?type=1&amp;fref=nf&amp;pnref=story\" target=\"_blank\" rel=\"noopener\">Facebook<\/a><\/p>\n<p><b>Vanity Fair Italy Magazin<br \/>\n<\/b><a href=\"http:\/\/www.vanityfair.it\/viaggi-traveller\/viaggi-mondo\/reportage\/14\/09\/15\/kihnu-island-estonia-isola-delle-donne?utm_source=facebook&amp;utm_medium=marketing&amp;utm_campaign=vanityfair\" target=\"_blank\" rel=\"noopener\">www.vanityfair.it<\/a><\/p>\n<p><b>Die Insel der alten Gespanne<br \/>\n<\/b><a href=\"http:\/\/kultuuriruum.ee\/UserFiles\/file\/Aubi14_08_082-087_Ausstieg.pdf\" target=\"_blank\" rel=\"noopener\">www.autobild.de \u00b7 Nr. 8 \u00b7 21. Februar 2014<\/a><\/p>\n<p><b>Kihnu aasta tegu on tuletorni avamine<br \/>\n<\/b><a href=\"http:\/\/www.parnupostimees.ee\/2706404\/kihnu-aasta-tegu-on-tuletorni-avamine\" target=\"_blank\" rel=\"noopener\">http:\/\/www.parnupostimees.ee\/2706404\/kihnu-aasta-tegu-on-tuletorni-avamine<\/a><\/p>\n<p><b>Evelin Ilves aitab Kihnu naistele Indiast p\u00f5lleriiet hankida<br \/>\n<\/b><a href=\"http:\/\/www.president.ee\/et\/vabariigi-president\/evelin-ilves\/evelin-ilves-meedia\/9770-2014-01-16-15-18-28\/index.html\" target=\"_blank\" rel=\"noopener\">Maaleht, 16. jaanuar 2014<\/a><\/p>\n<p><strong>KIHNUKEELSED UUDISED VIKERRAADIOS<\/strong><br \/>\n<a href=\"http:\/\/vikerraadio.err.ee\/kuularhiiv?saade=33&amp;kid=190\" target=\"_blank\" rel=\"noopener\">http:\/\/vikerraadio.err.ee\/kuularhiiv?saade=33&amp;kid=190<\/a><\/p>\n<p><strong>SA Kihnu Kultuuriruum on P\u00e4rnumaa kodaniku\u00fchiskonna aasta tegija nominent<\/strong><br \/>\n<a href=\"http:\/\/www.parnupostimees.ee\/1070610\/kodanikuuhiskonna-aasta-tegijad-selgunud\" target=\"_blank\" rel=\"noopener\">www.parnupostimees.ee\/1070610\/kodanikuuhiskonna-aasta-tegijad-selgunud<\/a><\/p>\n","protected":false},"excerpt":{"rendered":"<p>Visions of Kihnu. A short film by Madis Ligema (2014) &nbsp; Kihnu culture &#8211; authentic and real. Photos and music from Kihnu. Published by P\u00e4rnu College (2011). &nbsp; Kihnu island, Estonia. A short video by Geoff Moore (2015). &nbsp; Kihnu kutsub kudujaid maailma esimesele peole P\u00e4rnu Postimees, 27. jaanuar 2018 Kihnus avati galerii Eesti Ekspress, 30. juuli 2015 Les gardiennes &hellip;<\/p>\n","protected":false},"author":1,"featured_media":0,"parent":0,"menu_order":0,"comment_status":"closed","ping_status":"closed","template":"","meta":[],"_links":{"self":[{"href":"https:\/\/www.kultuuriruum.ee\/en\/wp-json\/wp\/v2\/pages\/1019"}],"collection":[{"href":"https:\/\/www.kultuuriruum.ee\/en\/wp-json\/wp\/v2\/pages"}],"about":[{"href":"https:\/\/www.kultuuriruum.ee\/en\/wp-json\/wp\/v2\/types\/page"}],"author":[{"embeddable":true,"href":"https:\/\/www.kultuuriruum.ee\/en\/wp-json\/wp\/v2\/users\/1"}],"replies":[{"embeddable":true,"href":"https:\/\/www.kultuuriruum.ee\/en\/wp-json\/wp\/v2\/comments?post=1019"}],"version-history":[{"count":16,"href":"https:\/\/www.kultuuriruum.ee\/en\/wp-json\/wp\/v2\/pages\/1019\/revisions"}],"predecessor-version":[{"id":1433,"href":"https:\/\/www.kultuuriruum.ee\/en\/wp-json\/wp\/v2\/pages\/1019\/revisions\/1433"}],"wp:attachment":[{"href":"https:\/\/www.kultuuriruum.ee\/en\/wp-json\/wp\/v2\/media?parent=1019"}],"curies":[{"name":"wp","href":"https:\/\/api.w.org\/{rel}","templated":true}]}}