{"id":1018,"date":"2018-02-05T13:55:47","date_gmt":"2018-02-05T13:55:47","guid":{"rendered":"http:\/\/www.kultuuriruum.ee\/?page_id=1018"},"modified":"2018-03-12T11:57:54","modified_gmt":"2018-03-12T11:57:54","slug":"leader-meede-eng","status":"publish","type":"page","link":"https:\/\/www.kultuuriruum.ee\/en\/leader-meede-eng\/","title":{"rendered":"Leader programme"},"content":{"rendered":"<p>Toetuse abil valmis Metsamaa p\u00e4rimustalu k\u00f6\u00f6giplokk ja teine korrus.<\/p>\n<p>Metsamaa p\u00e4rimustalu abihoone k\u00f6\u00f6giploki ja majutusruumide valmisehitamise eesm\u00e4rgiks on toetada Metsamaa p\u00e4rimustalu tegevust, seal saavad \u00f6\u00f6bida laagrilised ja meie \u00fcritustel osalejad, tegutseda kohvik.<\/p>\n<p>Ehitusprojekti koostamine ja ehitust\u00f6\u00f6d on \u00a0on saanud positiivse rahastamisotsuse Leader meetme raames antavast projektitoetusest (MAK 2014-2020 meede 19.2)<\/p>\n<p><img decoding=\"async\" loading=\"lazy\" class=\"size-full wp-image-794 alignleft\" src=\"http:\/\/www.kultuuriruum.ee\/wp-content\/uploads\/2018\/01\/Leader-logo.jpg\" alt=\"\" width=\"796\" height=\"363\" srcset=\"https:\/\/www.kultuuriruum.ee\/wp-content\/uploads\/2018\/01\/Leader-logo.jpg 796w, https:\/\/www.kultuuriruum.ee\/wp-content\/uploads\/2018\/01\/Leader-logo-300x137.jpg 300w, https:\/\/www.kultuuriruum.ee\/wp-content\/uploads\/2018\/01\/Leader-logo-768x350.jpg 768w\" sizes=\"(max-width: 796px) 100vw, 796px\" \/><\/p>\n","protected":false},"excerpt":{"rendered":"<p>Toetuse abil valmis Metsamaa p\u00e4rimustalu k\u00f6\u00f6giplokk ja teine korrus. Metsamaa p\u00e4rimustalu abihoone k\u00f6\u00f6giploki ja majutusruumide valmisehitamise eesm\u00e4rgiks on toetada Metsamaa p\u00e4rimustalu tegevust, seal saavad \u00f6\u00f6bida laagrilised ja meie \u00fcritustel osalejad, tegutseda kohvik. Ehitusprojekti koostamine ja ehitust\u00f6\u00f6d on \u00a0on saanud positiivse rahastamisotsuse Leader meetme raames antavast projektitoetusest (MAK 2014-2020 meede 19.2)<\/p>\n","protected":false},"author":1,"featured_media":0,"parent":0,"menu_order":0,"comment_status":"closed","ping_status":"closed","template":"","meta":[],"_links":{"self":[{"href":"https:\/\/www.kultuuriruum.ee\/en\/wp-json\/wp\/v2\/pages\/1018"}],"collection":[{"href":"https:\/\/www.kultuuriruum.ee\/en\/wp-json\/wp\/v2\/pages"}],"about":[{"href":"https:\/\/www.kultuuriruum.ee\/en\/wp-json\/wp\/v2\/types\/page"}],"author":[{"embeddable":true,"href":"https:\/\/www.kultuuriruum.ee\/en\/wp-json\/wp\/v2\/users\/1"}],"replies":[{"embeddable":true,"href":"https:\/\/www.kultuuriruum.ee\/en\/wp-json\/wp\/v2\/comments?post=1018"}],"version-history":[{"count":2,"href":"https:\/\/www.kultuuriruum.ee\/en\/wp-json\/wp\/v2\/pages\/1018\/revisions"}],"predecessor-version":[{"id":1140,"href":"https:\/\/www.kultuuriruum.ee\/en\/wp-json\/wp\/v2\/pages\/1018\/revisions\/1140"}],"wp:attachment":[{"href":"https:\/\/www.kultuuriruum.ee\/en\/wp-json\/wp\/v2\/media?parent=1018"}],"curies":[{"name":"wp","href":"https:\/\/api.w.org\/{rel}","templated":true}]}}